{"id":1027,"date":"2021-08-10T12:26:41","date_gmt":"2021-08-10T10:26:41","guid":{"rendered":"https:\/\/localhost\/wpnotarstefan\/?page_id=1027"},"modified":"2021-08-10T17:25:57","modified_gmt":"2021-08-10T15:25:57","slug":"uebertragung","status":"publish","type":"page","link":"https:\/\/www.notar-stefan.at\/en\/uebertragung\/","title":{"rendered":"Transfer"},"content":{"rendered":"<div class=\"banner has-hover\" id=\"banner-1646502609\">\n          <div class=\"banner-inner fill\">\n        <div class=\"banner-bg fill\" >\n            <div class=\"bg fill bg-fill\"><\/div>\n                        <div class=\"overlay\"><\/div>            \n                    <\/div>\n        <div class=\"banner-layers container\">\n            <div class=\"fill banner-link\"><\/div>            \n\n   <div id=\"text-box-2009066234\" class=\"text-box banner-layer x0 md-x0 lg-x0 y50 md-y50 lg-y50 res-text\">\n                                <div class=\"text-box-content text dark\">\n              \n              <div class=\"text-inner text-center\">\n                  \n\n\t<div class=\"img has-hover x md-x lg-x y md-y lg-y\" id=\"image_1586468123\">\n\t\t<a class=\"\" href=\"https:\/\/www.notar-stefan.at\/en\/beiziehung-eines-dolmetschers\/\"  >\t\t\t\t\t\t<div class=\"img-inner dark\" >\n\t\t\t\t\t\t\t\t\t\n\t\t\t\t\t<\/div>\n\t\t\t\t\t\t<\/a>\t\t\n<style>\n#image_1586468123 {\n  width: 28%;\n}\n<\/style>\n\t<\/div>\n\t\n\n\n              <\/div>\n           <\/div>\n                            \n<style>\n#text-box-2009066234 {\n  width: 18%;\n}\n#text-box-2009066234 .text-box-content {\n  font-size: 100%;\n}\n<\/style>\n    <\/div>\n \n\n        <\/div>\n      <\/div>\n\n            \n<style>\n#banner-1646502609 {\n  padding-top: 103px;\n}\n#banner-1646502609 .bg.bg-loaded {\n  background-image: url(https:\/\/www.notar-stefan.at\/wp-content\/uploads\/2021\/07\/jghnedpoxi.png);\n}\n#banner-1646502609 .overlay {\n  background-color: rgba(0, 0, 0, 0.081);\n}\n#banner-1646502609 .bg {\n  background-position: 84% 0%;\n}\n<\/style>\n  <\/div>\n\n\n<div class=\"container section-title-container\" ><h3 class=\"section-title section-title-center\"><b><\/b><span class=\"section-title-main\" style=\"color:rgb(8, 100, 156);\">\u00dcBERTRAGUNG<\/span><b><\/b><\/h3><\/div>\n\n\n  <div class=\"banner has-hover\" id=\"banner-850963397\">\n          <div class=\"banner-inner fill\">\n        <div class=\"banner-bg fill\" >\n            <div class=\"bg fill bg-fill\"><\/div>\n                                    \n                    <\/div>\n        <div class=\"banner-layers container\">\n            <div class=\"fill banner-link\"><\/div>            \n\n   <div id=\"text-box-1981136378\" class=\"text-box banner-layer x50 md-x50 lg-x50 y0 md-y0 lg-y0 res-text\">\n                                <div class=\"text-box-content text dark\">\n              \n              <div class=\"text-inner text-center\">\n                  \n\n\t<div id=\"text-3317644184\" class=\"text\">\n\t\t\n\n<div id=\"sub-main-content\">\n<div id=\"sub-main-content-right\">\n<div id=\"contents\">\n<div id=\"content\">\n<div id=\"richtext_1\" class=\"contentElement ceDraggable\">\n<p><span data-text-color=\"secondary\">Die \u00dcbertragung einer Gesellschaft oder von Gesch\u00e4ftsanteilen bedarf in der Regel einer vertraglichen Vereinbarung. Bei Gesellschaften mit beschr\u00e4nkter Haftung muss die \u00dcbertragung in Form eines Notariatsaktes erfolgen. Alle derartigen Urkunden erstellen wir in der jeweils erforderlichen Form und veranlassen die Eintragung im Firmenbuch.<\/span><\/p>\n<\/div>\n<\/div>\n<\/div>\n<\/div>\n<\/div>\n\t\t\n<style>\n#text-3317644184 {\n  text-align: left;\n  color: rgb(0,0,0);\n}\n#text-3317644184 > * {\n  color: rgb(0,0,0);\n}\n<\/style>\n\t<\/div>\n\t\n\n              <\/div>\n           <\/div>\n                            \n<style>\n#text-box-1981136378 {\n  width: 88%;\n}\n#text-box-1981136378 .text-box-content {\n  font-size: 100%;\n}\n<\/style>\n    <\/div>\n \n\n        <\/div>\n      <\/div>\n\n            \n<style>\n#banner-850963397 {\n  padding-top: 500px;\n  background-color: rgb(232, 232, 232);\n}\n<\/style>\n  <\/div>","protected":false},"excerpt":{"rendered":"","protected":false},"author":4,"featured_media":0,"parent":0,"menu_order":0,"comment_status":"closed","ping_status":"closed","template":"page-blank.php","meta":{"footnotes":""},"class_list":["post-1027","page","type-page","status-publish","hentry"],"yoast_head":"<!-- This site is optimized with the Yoast SEO plugin v27.4 - https:\/\/yoast.com\/product\/yoast-seo-wordpress\/ -->\n<title>\u00dcbertragung - \u00d6ffentlicher Notar Mag. Harald Stefan &amp; Partner Kommandit-Partnerschaft<\/title>\n<meta name=\"robots\" content=\"index, follow, max-snippet:-1, max-image-preview:large, max-video-preview:-1\" \/>\n<link rel=\"canonical\" href=\"https:\/\/www.notar-stefan.at\/en\/uebertragung\/\" \/>\n<meta property=\"og:locale\" content=\"en_US\" \/>\n<meta property=\"og:type\" content=\"article\" \/>\n<meta property=\"og:title\" content=\"\u00dcbertragung - \u00d6ffentlicher Notar Mag. Harald Stefan &amp; Partner Kommandit-Partnerschaft\" \/>\n<meta property=\"og:url\" content=\"https:\/\/www.notar-stefan.at\/en\/uebertragung\/\" \/>\n<meta property=\"og:site_name\" content=\"\u00d6ffentlicher Notar Mag. Harald Stefan &amp; Partner Kommandit-Partnerschaft\" \/>\n<meta property=\"article:modified_time\" content=\"2021-08-10T15:25:57+00:00\" \/>\n<meta name=\"twitter:card\" content=\"summary_large_image\" \/>\n<meta name=\"twitter:label1\" content=\"Est. reading time\" \/>\n\t<meta name=\"twitter:data1\" content=\"1 minute\" \/>\n<script type=\"application\/ld+json\" class=\"yoast-schema-graph\">{\"@context\":\"https:\\\/\\\/schema.org\",\"@graph\":[{\"@type\":\"WebPage\",\"@id\":\"https:\\\/\\\/www.notar-stefan.at\\\/uebertragung\\\/\",\"url\":\"https:\\\/\\\/www.notar-stefan.at\\\/uebertragung\\\/\",\"name\":\"\u00dcbertragung - \u00d6ffentlicher Notar Mag. Harald Stefan &amp; Partner Kommandit-Partnerschaft\",\"isPartOf\":{\"@id\":\"https:\\\/\\\/www.notar-stefan.at\\\/#website\"},\"datePublished\":\"2021-08-10T10:26:41+00:00\",\"dateModified\":\"2021-08-10T15:25:57+00:00\",\"breadcrumb\":{\"@id\":\"https:\\\/\\\/www.notar-stefan.at\\\/uebertragung\\\/#breadcrumb\"},\"inLanguage\":\"en-US\",\"potentialAction\":[{\"@type\":\"ReadAction\",\"target\":[\"https:\\\/\\\/www.notar-stefan.at\\\/uebertragung\\\/\"]}]},{\"@type\":\"BreadcrumbList\",\"@id\":\"https:\\\/\\\/www.notar-stefan.at\\\/uebertragung\\\/#breadcrumb\",\"itemListElement\":[{\"@type\":\"ListItem\",\"position\":1,\"name\":\"Startseite\",\"item\":\"https:\\\/\\\/www.notar-stefan.at\\\/\"},{\"@type\":\"ListItem\",\"position\":2,\"name\":\"\u00dcbertragung\"}]},{\"@type\":\"WebSite\",\"@id\":\"https:\\\/\\\/www.notar-stefan.at\\\/#website\",\"url\":\"https:\\\/\\\/www.notar-stefan.at\\\/\",\"name\":\"\u00d6ffentlicher Notar Mag. Harald Stefan &amp; Partner Kommandit-Partnerschaft\",\"description\":\"\",\"potentialAction\":[{\"@type\":\"SearchAction\",\"target\":{\"@type\":\"EntryPoint\",\"urlTemplate\":\"https:\\\/\\\/www.notar-stefan.at\\\/?s={search_term_string}\"},\"query-input\":{\"@type\":\"PropertyValueSpecification\",\"valueRequired\":true,\"valueName\":\"search_term_string\"}}],\"inLanguage\":\"en-US\"}]}<\/script>\n<!-- \/ Yoast SEO plugin. -->","yoast_head_json":{"title":"\u00dcbertragung - \u00d6ffentlicher Notar Mag. Harald Stefan &amp; Partner Kommandit-Partnerschaft","robots":{"index":"index","follow":"follow","max-snippet":"max-snippet:-1","max-image-preview":"max-image-preview:large","max-video-preview":"max-video-preview:-1"},"canonical":"https:\/\/www.notar-stefan.at\/en\/uebertragung\/","og_locale":"en_US","og_type":"article","og_title":"\u00dcbertragung - \u00d6ffentlicher Notar Mag. Harald Stefan &amp; Partner Kommandit-Partnerschaft","og_url":"https:\/\/www.notar-stefan.at\/en\/uebertragung\/","og_site_name":"\u00d6ffentlicher Notar Mag. Harald Stefan &amp; Partner Kommandit-Partnerschaft","article_modified_time":"2021-08-10T15:25:57+00:00","twitter_card":"summary_large_image","twitter_misc":{"Est. reading time":"1 minute"},"schema":{"@context":"https:\/\/schema.org","@graph":[{"@type":"WebPage","@id":"https:\/\/www.notar-stefan.at\/uebertragung\/","url":"https:\/\/www.notar-stefan.at\/uebertragung\/","name":"\u00dcbertragung - \u00d6ffentlicher Notar Mag. Harald Stefan &amp; Partner Kommandit-Partnerschaft","isPartOf":{"@id":"https:\/\/www.notar-stefan.at\/#website"},"datePublished":"2021-08-10T10:26:41+00:00","dateModified":"2021-08-10T15:25:57+00:00","breadcrumb":{"@id":"https:\/\/www.notar-stefan.at\/uebertragung\/#breadcrumb"},"inLanguage":"en-US","potentialAction":[{"@type":"ReadAction","target":["https:\/\/www.notar-stefan.at\/uebertragung\/"]}]},{"@type":"BreadcrumbList","@id":"https:\/\/www.notar-stefan.at\/uebertragung\/#breadcrumb","itemListElement":[{"@type":"ListItem","position":1,"name":"Startseite","item":"https:\/\/www.notar-stefan.at\/"},{"@type":"ListItem","position":2,"name":"\u00dcbertragung"}]},{"@type":"WebSite","@id":"https:\/\/www.notar-stefan.at\/#website","url":"https:\/\/www.notar-stefan.at\/","name":"\u00d6ffentlicher Notar Mag. Harald Stefan &amp; Partner Kommandit-Partnerschaft","description":"","potentialAction":[{"@type":"SearchAction","target":{"@type":"EntryPoint","urlTemplate":"https:\/\/www.notar-stefan.at\/?s={search_term_string}"},"query-input":{"@type":"PropertyValueSpecification","valueRequired":true,"valueName":"search_term_string"}}],"inLanguage":"en-US"}]}},"_links":{"self":[{"href":"https:\/\/www.notar-stefan.at\/en\/wp-json\/wp\/v2\/pages\/1027","targetHints":{"allow":["GET"]}}],"collection":[{"href":"https:\/\/www.notar-stefan.at\/en\/wp-json\/wp\/v2\/pages"}],"about":[{"href":"https:\/\/www.notar-stefan.at\/en\/wp-json\/wp\/v2\/types\/page"}],"author":[{"embeddable":true,"href":"https:\/\/www.notar-stefan.at\/en\/wp-json\/wp\/v2\/users\/4"}],"replies":[{"embeddable":true,"href":"https:\/\/www.notar-stefan.at\/en\/wp-json\/wp\/v2\/comments?post=1027"}],"version-history":[{"count":3,"href":"https:\/\/www.notar-stefan.at\/en\/wp-json\/wp\/v2\/pages\/1027\/revisions"}],"predecessor-version":[{"id":1372,"href":"https:\/\/www.notar-stefan.at\/en\/wp-json\/wp\/v2\/pages\/1027\/revisions\/1372"}],"wp:attachment":[{"href":"https:\/\/www.notar-stefan.at\/en\/wp-json\/wp\/v2\/media?parent=1027"}],"curies":[{"name":"wp","href":"https:\/\/api.w.org\/{rel}","templated":true}]}}