{"id":1139,"date":"2021-08-10T14:23:49","date_gmt":"2021-08-10T12:23:49","guid":{"rendered":"https:\/\/localhost\/wpnotarstefan\/?page_id=1139"},"modified":"2021-08-10T17:58:17","modified_gmt":"2021-08-10T15:58:17","slug":"foerderungen","status":"publish","type":"page","link":"https:\/\/www.notar-stefan.at\/en\/foerderungen\/","title":{"rendered":"Funding"},"content":{"rendered":"<div class=\"banner has-hover\" id=\"banner-1639298730\">\n          <div class=\"banner-inner fill\">\n        <div class=\"banner-bg fill\" >\n            <div class=\"bg fill bg-fill\"><\/div>\n                        <div class=\"overlay\"><\/div>            \n                    <\/div>\n        <div class=\"banner-layers container\">\n            <div class=\"fill banner-link\"><\/div>            \n\n   <div id=\"text-box-704734713\" class=\"text-box banner-layer x0 md-x0 lg-x0 y50 md-y50 lg-y50 res-text\">\n                                <div class=\"text-box-content text dark\">\n              \n              <div class=\"text-inner text-center\">\n                  \n\n\t<div class=\"img has-hover x md-x lg-x y md-y lg-y\" id=\"image_355973623\">\n\t\t<a class=\"\" href=\"https:\/\/www.notar-stefan.at\/en\/beiziehung-eines-dolmetschers\/\"  >\t\t\t\t\t\t<div class=\"img-inner dark\" >\n\t\t\t\t\t\t\t\t\t\n\t\t\t\t\t<\/div>\n\t\t\t\t\t\t<\/a>\t\t\n<style>\n#image_355973623 {\n  width: 28%;\n}\n<\/style>\n\t<\/div>\n\t\n\n\n              <\/div>\n           <\/div>\n                            \n<style>\n#text-box-704734713 {\n  width: 18%;\n}\n#text-box-704734713 .text-box-content {\n  font-size: 100%;\n}\n<\/style>\n    <\/div>\n \n\n        <\/div>\n      <\/div>\n\n            \n<style>\n#banner-1639298730 {\n  padding-top: 103px;\n}\n#banner-1639298730 .bg.bg-loaded {\n  background-image: url(https:\/\/www.notar-stefan.at\/wp-content\/uploads\/2021\/07\/jghnedpoxi.png);\n}\n#banner-1639298730 .overlay {\n  background-color: rgba(0, 0, 0, 0.081);\n}\n#banner-1639298730 .bg {\n  background-position: 84% 0%;\n}\n<\/style>\n  <\/div>\n\n\n<div class=\"container section-title-container\" ><h3 class=\"section-title section-title-center\"><b><\/b><span class=\"section-title-main\" style=\"color:rgb(8, 100, 156);\">F\u00d6RDERUNGEN<\/span><b><\/b><\/h3><\/div>\n\n\n  <div class=\"banner has-hover\" id=\"banner-2018915384\">\n          <div class=\"banner-inner fill\">\n        <div class=\"banner-bg fill\" >\n            <div class=\"bg fill bg-fill\"><\/div>\n                                    \n                    <\/div>\n        <div class=\"banner-layers container\">\n            <div class=\"fill banner-link\"><\/div>            \n\n   <div id=\"text-box-482641428\" class=\"text-box banner-layer x50 md-x50 lg-x50 y0 md-y0 lg-y0 res-text\">\n                                <div class=\"text-box-content text dark\">\n              \n              <div class=\"text-inner text-center\">\n                  \n\n\t<div id=\"text-1805439932\" class=\"text\">\n\t\t\n\n<div id=\"sub-main-content\">\n<div id=\"sub-main-content-right\">\n<div id=\"contents\">\n<div id=\"content\">\n<div id=\"richtext_1\" class=\"contentElement ceDraggable\">\n<p><span data-text-color=\"secondary\">Bei Neugr\u00fcndungen k\u00f6nnen h\u00e4ufig F\u00f6rderungen in Anspruch genommen werden. Im ersten Jahr k\u00f6nnen Sie sich durch das Neugr\u00fcndungsf\u00f6rderungsgesetz viel Geld ersparen.<\/span><\/p>\n<p><span data-text-color=\"secondary\">Wir helfen Ihnen bei der Erlangung der F\u00f6rderung.<\/span><\/p>\n<p>\u00a0<\/p>\n<h4><span data-text-color=\"primary\">GUT ZU WISSEN:<\/span><\/h4>\n<p><span data-text-color=\"secondary\">Bei Inanspruchnahme der Neugr\u00fcndungsf\u00f6rderungen im Zusammenhang mit der Neugr\u00fcndung eines Betriebs fallen unter anderem nicht an:<\/span><\/p>\n<div>\n<ul>\n<li><span data-text-color=\"secondary\">Gerichtsgeb\u00fchren f\u00fcr die Eintragungen in das Firmenbuch<\/span><\/li>\n<li><span data-text-color=\"secondary\">Gerichtsgeb\u00fchren f\u00fcr die Eintragungen in \u00a0das\u00a0 Grundbuch zum Erwerb des Eigentums<\/span><\/li>\n<li><span data-text-color=\"secondary\">Grunderwerbsteuer f\u00fcr die Einbringung von Grundst\u00fccken auf gesellschaftsvertraglicher Grundlage<\/span><\/li>\n<li><span data-text-color=\"secondary\">Teile der Lohnnebenkosten f\u00fcr einen bestimmten Zeitraum<\/span><\/li>\n<\/ul>\n<\/div>\n<p><span data-text-color=\"secondary\">Insbesondere folgende Voraussetzungen m\u00fcssen f\u00fcr die Gew\u00e4hrung der\u00a0 Neugr\u00fcndungsf\u00f6rderung vorliegen: Es wird durch Schaffung einer bisher nicht vorhandenen betrieblichen Struktur ein Betrieb neu er\u00f6ffnet. Die die Betriebsf\u00fchrung innerhalb von zwei Jahren nach der Neugr\u00fcndung beherrschende Person (Betriebsinhaber) hat sich bisher nicht in vergleichbarer Art beherrschend betrieblich bet\u00e4tigt. Es wird im Kalendermonat der Neugr\u00fcndung und in den folgenden elf Kalendermonaten die geschaffene betriebliche Struktur nicht durch Erweiterung um bereits bestehende andere Betriebe oder Teilbetriebe ver\u00e4ndert. Befreiungen existieren auch bei bestimmten Betriebs\u00fcbertragungen.<\/span><\/p>\n<\/div>\n<\/div>\n<\/div>\n<\/div>\n<\/div>\n\t\t\n<style>\n#text-1805439932 {\n  text-align: left;\n  color: rgb(0,0,0);\n}\n#text-1805439932 > * {\n  color: rgb(0,0,0);\n}\n<\/style>\n\t<\/div>\n\t\n<a class=\"button secondary is-underline lowercase\"  >\n    <span>zur\u00fcck zur \u00dcbersicht<\/span>\n  <\/a>\n\n\n\n              <\/div>\n           <\/div>\n                            \n<style>\n#text-box-482641428 {\n  width: 88%;\n}\n#text-box-482641428 .text-box-content {\n  font-size: 100%;\n}\n<\/style>\n    <\/div>\n \n\n        <\/div>\n      <\/div>\n\n            \n<style>\n#banner-2018915384 {\n  padding-top: 500px;\n  background-color: rgb(232, 232, 232);\n}\n<\/style>\n  <\/div>\n\n\n\t<div id=\"gap-1278112407\" class=\"gap-element clearfix\" style=\"display:block; height:auto;\">\n\t\t\n<style>\n#gap-1278112407 {\n  padding-top: 130px;\n}\n<\/style>\n\t<\/div>","protected":false},"excerpt":{"rendered":"","protected":false},"author":4,"featured_media":0,"parent":0,"menu_order":0,"comment_status":"closed","ping_status":"closed","template":"page-blank.php","meta":{"footnotes":""},"class_list":["post-1139","page","type-page","status-publish","hentry"],"yoast_head":"<!-- This site is optimized with the Yoast SEO plugin v27.4 - https:\/\/yoast.com\/product\/yoast-seo-wordpress\/ -->\n<title>F\u00f6rderungen - \u00d6ffentlicher Notar Mag. Harald Stefan &amp; Partner Kommandit-Partnerschaft<\/title>\n<meta name=\"robots\" content=\"index, follow, max-snippet:-1, max-image-preview:large, max-video-preview:-1\" \/>\n<link rel=\"canonical\" href=\"https:\/\/www.notar-stefan.at\/en\/foerderungen\/\" \/>\n<meta property=\"og:locale\" content=\"en_US\" \/>\n<meta property=\"og:type\" content=\"article\" \/>\n<meta property=\"og:title\" content=\"F\u00f6rderungen - \u00d6ffentlicher Notar Mag. Harald Stefan &amp; Partner Kommandit-Partnerschaft\" \/>\n<meta property=\"og:url\" content=\"https:\/\/www.notar-stefan.at\/en\/foerderungen\/\" \/>\n<meta property=\"og:site_name\" content=\"\u00d6ffentlicher Notar Mag. Harald Stefan &amp; Partner Kommandit-Partnerschaft\" \/>\n<meta property=\"article:modified_time\" content=\"2021-08-10T15:58:17+00:00\" \/>\n<meta name=\"twitter:card\" content=\"summary_large_image\" \/>\n<meta name=\"twitter:label1\" content=\"Est. reading time\" \/>\n\t<meta name=\"twitter:data1\" content=\"1 minute\" \/>\n<script type=\"application\/ld+json\" class=\"yoast-schema-graph\">{\"@context\":\"https:\\\/\\\/schema.org\",\"@graph\":[{\"@type\":\"WebPage\",\"@id\":\"https:\\\/\\\/www.notar-stefan.at\\\/foerderungen\\\/\",\"url\":\"https:\\\/\\\/www.notar-stefan.at\\\/foerderungen\\\/\",\"name\":\"F\u00f6rderungen - \u00d6ffentlicher Notar Mag. Harald Stefan &amp; Partner Kommandit-Partnerschaft\",\"isPartOf\":{\"@id\":\"https:\\\/\\\/www.notar-stefan.at\\\/#website\"},\"datePublished\":\"2021-08-10T12:23:49+00:00\",\"dateModified\":\"2021-08-10T15:58:17+00:00\",\"breadcrumb\":{\"@id\":\"https:\\\/\\\/www.notar-stefan.at\\\/foerderungen\\\/#breadcrumb\"},\"inLanguage\":\"en-US\",\"potentialAction\":[{\"@type\":\"ReadAction\",\"target\":[\"https:\\\/\\\/www.notar-stefan.at\\\/foerderungen\\\/\"]}]},{\"@type\":\"BreadcrumbList\",\"@id\":\"https:\\\/\\\/www.notar-stefan.at\\\/foerderungen\\\/#breadcrumb\",\"itemListElement\":[{\"@type\":\"ListItem\",\"position\":1,\"name\":\"Startseite\",\"item\":\"https:\\\/\\\/www.notar-stefan.at\\\/\"},{\"@type\":\"ListItem\",\"position\":2,\"name\":\"F\u00f6rderungen\"}]},{\"@type\":\"WebSite\",\"@id\":\"https:\\\/\\\/www.notar-stefan.at\\\/#website\",\"url\":\"https:\\\/\\\/www.notar-stefan.at\\\/\",\"name\":\"\u00d6ffentlicher Notar Mag. Harald Stefan &amp; Partner Kommandit-Partnerschaft\",\"description\":\"\",\"potentialAction\":[{\"@type\":\"SearchAction\",\"target\":{\"@type\":\"EntryPoint\",\"urlTemplate\":\"https:\\\/\\\/www.notar-stefan.at\\\/?s={search_term_string}\"},\"query-input\":{\"@type\":\"PropertyValueSpecification\",\"valueRequired\":true,\"valueName\":\"search_term_string\"}}],\"inLanguage\":\"en-US\"}]}<\/script>\n<!-- \/ Yoast SEO plugin. -->","yoast_head_json":{"title":"F\u00f6rderungen - \u00d6ffentlicher Notar Mag. Harald Stefan &amp; Partner Kommandit-Partnerschaft","robots":{"index":"index","follow":"follow","max-snippet":"max-snippet:-1","max-image-preview":"max-image-preview:large","max-video-preview":"max-video-preview:-1"},"canonical":"https:\/\/www.notar-stefan.at\/en\/foerderungen\/","og_locale":"en_US","og_type":"article","og_title":"F\u00f6rderungen - \u00d6ffentlicher Notar Mag. Harald Stefan &amp; Partner Kommandit-Partnerschaft","og_url":"https:\/\/www.notar-stefan.at\/en\/foerderungen\/","og_site_name":"\u00d6ffentlicher Notar Mag. Harald Stefan &amp; Partner Kommandit-Partnerschaft","article_modified_time":"2021-08-10T15:58:17+00:00","twitter_card":"summary_large_image","twitter_misc":{"Est. reading time":"1 minute"},"schema":{"@context":"https:\/\/schema.org","@graph":[{"@type":"WebPage","@id":"https:\/\/www.notar-stefan.at\/foerderungen\/","url":"https:\/\/www.notar-stefan.at\/foerderungen\/","name":"F\u00f6rderungen - \u00d6ffentlicher Notar Mag. Harald Stefan &amp; Partner Kommandit-Partnerschaft","isPartOf":{"@id":"https:\/\/www.notar-stefan.at\/#website"},"datePublished":"2021-08-10T12:23:49+00:00","dateModified":"2021-08-10T15:58:17+00:00","breadcrumb":{"@id":"https:\/\/www.notar-stefan.at\/foerderungen\/#breadcrumb"},"inLanguage":"en-US","potentialAction":[{"@type":"ReadAction","target":["https:\/\/www.notar-stefan.at\/foerderungen\/"]}]},{"@type":"BreadcrumbList","@id":"https:\/\/www.notar-stefan.at\/foerderungen\/#breadcrumb","itemListElement":[{"@type":"ListItem","position":1,"name":"Startseite","item":"https:\/\/www.notar-stefan.at\/"},{"@type":"ListItem","position":2,"name":"F\u00f6rderungen"}]},{"@type":"WebSite","@id":"https:\/\/www.notar-stefan.at\/#website","url":"https:\/\/www.notar-stefan.at\/","name":"\u00d6ffentlicher Notar Mag. Harald Stefan &amp; Partner Kommandit-Partnerschaft","description":"","potentialAction":[{"@type":"SearchAction","target":{"@type":"EntryPoint","urlTemplate":"https:\/\/www.notar-stefan.at\/?s={search_term_string}"},"query-input":{"@type":"PropertyValueSpecification","valueRequired":true,"valueName":"search_term_string"}}],"inLanguage":"en-US"}]}},"_links":{"self":[{"href":"https:\/\/www.notar-stefan.at\/en\/wp-json\/wp\/v2\/pages\/1139","targetHints":{"allow":["GET"]}}],"collection":[{"href":"https:\/\/www.notar-stefan.at\/en\/wp-json\/wp\/v2\/pages"}],"about":[{"href":"https:\/\/www.notar-stefan.at\/en\/wp-json\/wp\/v2\/types\/page"}],"author":[{"embeddable":true,"href":"https:\/\/www.notar-stefan.at\/en\/wp-json\/wp\/v2\/users\/4"}],"replies":[{"embeddable":true,"href":"https:\/\/www.notar-stefan.at\/en\/wp-json\/wp\/v2\/comments?post=1139"}],"version-history":[{"count":4,"href":"https:\/\/www.notar-stefan.at\/en\/wp-json\/wp\/v2\/pages\/1139\/revisions"}],"predecessor-version":[{"id":1403,"href":"https:\/\/www.notar-stefan.at\/en\/wp-json\/wp\/v2\/pages\/1139\/revisions\/1403"}],"wp:attachment":[{"href":"https:\/\/www.notar-stefan.at\/en\/wp-json\/wp\/v2\/media?parent=1139"}],"curies":[{"name":"wp","href":"https:\/\/api.w.org\/{rel}","templated":true}]}}