{"id":1150,"date":"2021-08-10T14:24:43","date_gmt":"2021-08-10T12:24:43","guid":{"rendered":"https:\/\/localhost\/wpnotarstefan\/?page_id=1150"},"modified":"2021-08-10T18:08:02","modified_gmt":"2021-08-10T16:08:02","slug":"vertraege-fuer-ehe-und-lebensgemeinschaft","status":"publish","type":"page","link":"https:\/\/www.notar-stefan.at\/en\/vertraege-fuer-ehe-und-lebensgemeinschaft\/","title":{"rendered":"Contracts for marriage and partnership"},"content":{"rendered":"<div class=\"banner has-hover\" id=\"banner-1961696081\">\n          <div class=\"banner-inner fill\">\n        <div class=\"banner-bg fill\" >\n            <div class=\"bg fill bg-fill\"><\/div>\n                        <div class=\"overlay\"><\/div>            \n                    <\/div>\n        <div class=\"banner-layers container\">\n            <div class=\"fill banner-link\"><\/div>            \n\n   <div id=\"text-box-1810013758\" class=\"text-box banner-layer x0 md-x0 lg-x0 y50 md-y50 lg-y50 res-text\">\n                                <div class=\"text-box-content text dark\">\n              \n              <div class=\"text-inner text-center\">\n                  \n\n\t<div class=\"img has-hover x md-x lg-x y md-y lg-y\" id=\"image_1238579029\">\n\t\t<a class=\"\" href=\"https:\/\/www.notar-stefan.at\/en\/beiziehung-eines-dolmetschers\/\"  >\t\t\t\t\t\t<div class=\"img-inner dark\" >\n\t\t\t\t\t\t\t\t\t\n\t\t\t\t\t<\/div>\n\t\t\t\t\t\t<\/a>\t\t\n<style>\n#image_1238579029 {\n  width: 28%;\n}\n<\/style>\n\t<\/div>\n\t\n\n\n              <\/div>\n           <\/div>\n                            \n<style>\n#text-box-1810013758 {\n  width: 18%;\n}\n#text-box-1810013758 .text-box-content {\n  font-size: 100%;\n}\n<\/style>\n    <\/div>\n \n\n        <\/div>\n      <\/div>\n\n            \n<style>\n#banner-1961696081 {\n  padding-top: 103px;\n}\n#banner-1961696081 .bg.bg-loaded {\n  background-image: url(https:\/\/www.notar-stefan.at\/wp-content\/uploads\/2021\/07\/jghnedpoxi.png);\n}\n#banner-1961696081 .overlay {\n  background-color: rgba(0, 0, 0, 0.081);\n}\n#banner-1961696081 .bg {\n  background-position: 84% 0%;\n}\n<\/style>\n  <\/div>\n\n\n<div class=\"container section-title-container\" ><h3 class=\"section-title section-title-center\"><b><\/b><span class=\"section-title-main\" style=\"color:rgb(8, 100, 156);\">VERTR\u00c4GE F\u00dcR EHE UND LEBENSGEMEINSCHAFT<\/span><b><\/b><\/h3><\/div>\n\n\n  <div class=\"banner has-hover\" id=\"banner-1674487711\">\n          <div class=\"banner-inner fill\">\n        <div class=\"banner-bg fill\" >\n            <div class=\"bg fill bg-fill\"><\/div>\n                                    \n                    <\/div>\n        <div class=\"banner-layers container\">\n            <div class=\"fill banner-link\"><\/div>            \n\n   <div id=\"text-box-32219452\" class=\"text-box banner-layer x50 md-x50 lg-x50 y0 md-y0 lg-y0 res-text\">\n                                <div class=\"text-box-content text dark\">\n              \n              <div class=\"text-inner text-center\">\n                  \n\n\t<div id=\"text-1997711783\" class=\"text\">\n\t\t\n\n<div id=\"sub-main-content\">\n<div id=\"sub-main-content-right\">\n<div id=\"contents\">\n<div id=\"content\">\n<div id=\"richtext_1\" class=\"contentElement ceDraggable\">\n<p><span data-text-color=\"secondary\">Im Bereich des Familienrechts werden heutzutage von vielen Menschen Ehevereinbarungen geschlossen, die den gesetzlichen Stand der G\u00fctertrennung so weit als m\u00f6glich aufrechterhalten. Dabei soll gesichert werden, dass Verm\u00f6gen auch f\u00fcr den Fall der Aufl\u00f6sung der Ehe jenem Ehepartner verbleibt, der diesen in die Ehe mitgebracht hat.<\/span><\/p>\n<p><span data-text-color=\"secondary\">Neben der Ehe bestehen immer mehr Lebensgemeinschaften. Diese haben nicht die rechtlichen Wirkungen einer Ehe. Oft wird aber auch hier gemeinsames Verm\u00f6gen erworben.<\/span><\/p>\n<p><span data-text-color=\"secondary\">Lebensgemeinschaften als solche sind gesetzlich nicht geregelt und faktisch jederzeit aufl\u00f6sbar. Daher ist hier das Bed\u00fcrfnis nach fairen vertraglichen Regelungen besonders gro\u00df, etwa hinsichtlich Versorgung, Wohnungsrechten, Verm\u00f6gensaufteilung und Erbrecht. Der Notar hilft beim Verfassen eines Vertrages, durch den die wirtschaftlichen und rechtlichen Interessen beider Partner gesch\u00fctzt sind.<\/span><\/p>\n<p><span data-text-color=\"secondary\">Immer mehr Lebensgef\u00e4hrten wollen Vereinbarungen treffen, die zumindest in Teilbereichen den rechtlichen Wirkungen einer Ehe nahe kommen \u2013 zum Beispiel im Wohnrecht, in Unterhaltsfragen, im Erbrecht, bei der Verm\u00f6gensteilung im Trennungsfall.<\/span><\/p>\n<p><span data-text-color=\"secondary\">Unsere Kanzlei ber\u00e4t \u00fcber die hief\u00fcr bestehenden M\u00f6glichkeiten und errichtet die notwendigen Urkunden, damit die rechtlichen Interessen beider Partner gesch\u00fctzt sind.<\/span><\/p>\n<\/div>\n<\/div>\n<\/div>\n<\/div>\n<\/div>\n\t\t\n<style>\n#text-1997711783 {\n  text-align: left;\n  color: rgb(0,0,0);\n}\n#text-1997711783 > * {\n  color: rgb(0,0,0);\n}\n<\/style>\n\t<\/div>\n\t\n\n              <\/div>\n           <\/div>\n                            \n<style>\n#text-box-32219452 {\n  width: 88%;\n}\n#text-box-32219452 .text-box-content {\n  font-size: 100%;\n}\n<\/style>\n    <\/div>\n \n\n        <\/div>\n      <\/div>\n\n            \n<style>\n#banner-1674487711 {\n  padding-top: 500px;\n  background-color: rgb(232, 232, 232);\n}\n<\/style>\n  <\/div>","protected":false},"excerpt":{"rendered":"","protected":false},"author":4,"featured_media":0,"parent":0,"menu_order":0,"comment_status":"closed","ping_status":"closed","template":"page-blank.php","meta":{"footnotes":""},"class_list":["post-1150","page","type-page","status-publish","hentry"],"yoast_head":"<!-- This site is optimized with the Yoast SEO plugin v27.4 - https:\/\/yoast.com\/product\/yoast-seo-wordpress\/ -->\n<title>Vertr\u00e4ge f\u00fcr Ehe und Lebensgemeinschaft - \u00d6ffentlicher Notar Mag. Harald Stefan &amp; Partner Kommandit-Partnerschaft<\/title>\n<meta name=\"robots\" content=\"index, follow, max-snippet:-1, max-image-preview:large, max-video-preview:-1\" \/>\n<link rel=\"canonical\" href=\"https:\/\/www.notar-stefan.at\/en\/vertraege-fuer-ehe-und-lebensgemeinschaft\/\" \/>\n<meta property=\"og:locale\" content=\"en_US\" \/>\n<meta property=\"og:type\" content=\"article\" \/>\n<meta property=\"og:title\" content=\"Vertr\u00e4ge f\u00fcr Ehe und Lebensgemeinschaft - \u00d6ffentlicher Notar Mag. Harald Stefan &amp; Partner Kommandit-Partnerschaft\" \/>\n<meta property=\"og:url\" content=\"https:\/\/www.notar-stefan.at\/en\/vertraege-fuer-ehe-und-lebensgemeinschaft\/\" \/>\n<meta property=\"og:site_name\" content=\"\u00d6ffentlicher Notar Mag. Harald Stefan &amp; Partner Kommandit-Partnerschaft\" \/>\n<meta property=\"article:modified_time\" content=\"2021-08-10T16:08:02+00:00\" \/>\n<meta name=\"twitter:card\" content=\"summary_large_image\" \/>\n<script type=\"application\/ld+json\" class=\"yoast-schema-graph\">{\"@context\":\"https:\\\/\\\/schema.org\",\"@graph\":[{\"@type\":\"WebPage\",\"@id\":\"https:\\\/\\\/www.notar-stefan.at\\\/vertraege-fuer-ehe-und-lebensgemeinschaft\\\/\",\"url\":\"https:\\\/\\\/www.notar-stefan.at\\\/vertraege-fuer-ehe-und-lebensgemeinschaft\\\/\",\"name\":\"Vertr\u00e4ge f\u00fcr Ehe und Lebensgemeinschaft - \u00d6ffentlicher Notar Mag. Harald Stefan &amp; Partner Kommandit-Partnerschaft\",\"isPartOf\":{\"@id\":\"https:\\\/\\\/www.notar-stefan.at\\\/#website\"},\"datePublished\":\"2021-08-10T12:24:43+00:00\",\"dateModified\":\"2021-08-10T16:08:02+00:00\",\"breadcrumb\":{\"@id\":\"https:\\\/\\\/www.notar-stefan.at\\\/vertraege-fuer-ehe-und-lebensgemeinschaft\\\/#breadcrumb\"},\"inLanguage\":\"en-US\",\"potentialAction\":[{\"@type\":\"ReadAction\",\"target\":[\"https:\\\/\\\/www.notar-stefan.at\\\/vertraege-fuer-ehe-und-lebensgemeinschaft\\\/\"]}]},{\"@type\":\"BreadcrumbList\",\"@id\":\"https:\\\/\\\/www.notar-stefan.at\\\/vertraege-fuer-ehe-und-lebensgemeinschaft\\\/#breadcrumb\",\"itemListElement\":[{\"@type\":\"ListItem\",\"position\":1,\"name\":\"Startseite\",\"item\":\"https:\\\/\\\/www.notar-stefan.at\\\/\"},{\"@type\":\"ListItem\",\"position\":2,\"name\":\"Vertr\u00e4ge f\u00fcr Ehe und Lebensgemeinschaft\"}]},{\"@type\":\"WebSite\",\"@id\":\"https:\\\/\\\/www.notar-stefan.at\\\/#website\",\"url\":\"https:\\\/\\\/www.notar-stefan.at\\\/\",\"name\":\"\u00d6ffentlicher Notar Mag. Harald Stefan &amp; Partner Kommandit-Partnerschaft\",\"description\":\"\",\"potentialAction\":[{\"@type\":\"SearchAction\",\"target\":{\"@type\":\"EntryPoint\",\"urlTemplate\":\"https:\\\/\\\/www.notar-stefan.at\\\/?s={search_term_string}\"},\"query-input\":{\"@type\":\"PropertyValueSpecification\",\"valueRequired\":true,\"valueName\":\"search_term_string\"}}],\"inLanguage\":\"en-US\"}]}<\/script>\n<!-- \/ Yoast SEO plugin. -->","yoast_head_json":{"title":"Vertr\u00e4ge f\u00fcr Ehe und Lebensgemeinschaft - \u00d6ffentlicher Notar Mag. Harald Stefan &amp; Partner Kommandit-Partnerschaft","robots":{"index":"index","follow":"follow","max-snippet":"max-snippet:-1","max-image-preview":"max-image-preview:large","max-video-preview":"max-video-preview:-1"},"canonical":"https:\/\/www.notar-stefan.at\/en\/vertraege-fuer-ehe-und-lebensgemeinschaft\/","og_locale":"en_US","og_type":"article","og_title":"Vertr\u00e4ge f\u00fcr Ehe und Lebensgemeinschaft - \u00d6ffentlicher Notar Mag. Harald Stefan &amp; Partner Kommandit-Partnerschaft","og_url":"https:\/\/www.notar-stefan.at\/en\/vertraege-fuer-ehe-und-lebensgemeinschaft\/","og_site_name":"\u00d6ffentlicher Notar Mag. Harald Stefan &amp; Partner Kommandit-Partnerschaft","article_modified_time":"2021-08-10T16:08:02+00:00","twitter_card":"summary_large_image","schema":{"@context":"https:\/\/schema.org","@graph":[{"@type":"WebPage","@id":"https:\/\/www.notar-stefan.at\/vertraege-fuer-ehe-und-lebensgemeinschaft\/","url":"https:\/\/www.notar-stefan.at\/vertraege-fuer-ehe-und-lebensgemeinschaft\/","name":"Vertr\u00e4ge f\u00fcr Ehe und Lebensgemeinschaft - \u00d6ffentlicher Notar Mag. Harald Stefan &amp; Partner Kommandit-Partnerschaft","isPartOf":{"@id":"https:\/\/www.notar-stefan.at\/#website"},"datePublished":"2021-08-10T12:24:43+00:00","dateModified":"2021-08-10T16:08:02+00:00","breadcrumb":{"@id":"https:\/\/www.notar-stefan.at\/vertraege-fuer-ehe-und-lebensgemeinschaft\/#breadcrumb"},"inLanguage":"en-US","potentialAction":[{"@type":"ReadAction","target":["https:\/\/www.notar-stefan.at\/vertraege-fuer-ehe-und-lebensgemeinschaft\/"]}]},{"@type":"BreadcrumbList","@id":"https:\/\/www.notar-stefan.at\/vertraege-fuer-ehe-und-lebensgemeinschaft\/#breadcrumb","itemListElement":[{"@type":"ListItem","position":1,"name":"Startseite","item":"https:\/\/www.notar-stefan.at\/"},{"@type":"ListItem","position":2,"name":"Vertr\u00e4ge f\u00fcr Ehe und Lebensgemeinschaft"}]},{"@type":"WebSite","@id":"https:\/\/www.notar-stefan.at\/#website","url":"https:\/\/www.notar-stefan.at\/","name":"\u00d6ffentlicher Notar Mag. Harald Stefan &amp; Partner Kommandit-Partnerschaft","description":"","potentialAction":[{"@type":"SearchAction","target":{"@type":"EntryPoint","urlTemplate":"https:\/\/www.notar-stefan.at\/?s={search_term_string}"},"query-input":{"@type":"PropertyValueSpecification","valueRequired":true,"valueName":"search_term_string"}}],"inLanguage":"en-US"}]}},"_links":{"self":[{"href":"https:\/\/www.notar-stefan.at\/en\/wp-json\/wp\/v2\/pages\/1150","targetHints":{"allow":["GET"]}}],"collection":[{"href":"https:\/\/www.notar-stefan.at\/en\/wp-json\/wp\/v2\/pages"}],"about":[{"href":"https:\/\/www.notar-stefan.at\/en\/wp-json\/wp\/v2\/types\/page"}],"author":[{"embeddable":true,"href":"https:\/\/www.notar-stefan.at\/en\/wp-json\/wp\/v2\/users\/4"}],"replies":[{"embeddable":true,"href":"https:\/\/www.notar-stefan.at\/en\/wp-json\/wp\/v2\/comments?post=1150"}],"version-history":[{"count":3,"href":"https:\/\/www.notar-stefan.at\/en\/wp-json\/wp\/v2\/pages\/1150\/revisions"}],"predecessor-version":[{"id":1410,"href":"https:\/\/www.notar-stefan.at\/en\/wp-json\/wp\/v2\/pages\/1150\/revisions\/1410"}],"wp:attachment":[{"href":"https:\/\/www.notar-stefan.at\/en\/wp-json\/wp\/v2\/media?parent=1150"}],"curies":[{"name":"wp","href":"https:\/\/api.w.org\/{rel}","templated":true}]}}