{"id":1170,"date":"2021-08-10T14:26:16","date_gmt":"2021-08-10T12:26:16","guid":{"rendered":"https:\/\/localhost\/wpnotarstefan\/?page_id=1170"},"modified":"2021-08-10T19:17:21","modified_gmt":"2021-08-10T17:17:21","slug":"registrierung-und-bestaetigung","status":"publish","type":"page","link":"https:\/\/www.notar-stefan.at\/en\/registrierung-und-bestaetigung\/","title":{"rendered":"Registration and confirmation"},"content":{"rendered":"<div class=\"banner has-hover\" id=\"banner-1474803481\">\n          <div class=\"banner-inner fill\">\n        <div class=\"banner-bg fill\" >\n            <div class=\"bg fill bg-fill\"><\/div>\n                        <div class=\"overlay\"><\/div>            \n                    <\/div>\n        <div class=\"banner-layers container\">\n            <div class=\"fill banner-link\"><\/div>            \n\n   <div id=\"text-box-1677646260\" class=\"text-box banner-layer x0 md-x0 lg-x0 y50 md-y50 lg-y50 res-text\">\n                                <div class=\"text-box-content text dark\">\n              \n              <div class=\"text-inner text-center\">\n                  \n\n\t<div class=\"img has-hover x md-x lg-x y md-y lg-y\" id=\"image_77366578\">\n\t\t<a class=\"\" href=\"https:\/\/www.notar-stefan.at\/en\/beiziehung-eines-dolmetschers\/\"  >\t\t\t\t\t\t<div class=\"img-inner dark\" >\n\t\t\t\t\t\t\t\t\t\n\t\t\t\t\t<\/div>\n\t\t\t\t\t\t<\/a>\t\t\n<style>\n#image_77366578 {\n  width: 28%;\n}\n<\/style>\n\t<\/div>\n\t\n\n\n              <\/div>\n           <\/div>\n                            \n<style>\n#text-box-1677646260 {\n  width: 18%;\n}\n#text-box-1677646260 .text-box-content {\n  font-size: 100%;\n}\n<\/style>\n    <\/div>\n \n\n        <\/div>\n      <\/div>\n\n            \n<style>\n#banner-1474803481 {\n  padding-top: 103px;\n}\n#banner-1474803481 .bg.bg-loaded {\n  background-image: url(https:\/\/www.notar-stefan.at\/wp-content\/uploads\/2021\/07\/jghnedpoxi.png);\n}\n#banner-1474803481 .overlay {\n  background-color: rgba(0, 0, 0, 0.081);\n}\n#banner-1474803481 .bg {\n  background-position: 84% 0%;\n}\n<\/style>\n  <\/div>\n\n\n<div class=\"container section-title-container\" ><h3 class=\"section-title section-title-center\"><b><\/b><span class=\"section-title-main\" style=\"color:rgb(8, 100, 156);\">REGISTRIERUNG UND BEST\u00c4TIGUNG<\/span><b><\/b><\/h3><\/div>\n\n\n  <div class=\"banner has-hover\" id=\"banner-1733664684\">\n          <div class=\"banner-inner fill\">\n        <div class=\"banner-bg fill\" >\n            <div class=\"bg fill bg-fill\"><\/div>\n                                    \n                    <\/div>\n        <div class=\"banner-layers container\">\n            <div class=\"fill banner-link\"><\/div>            \n\n   <div id=\"text-box-297376984\" class=\"text-box banner-layer x50 md-x50 lg-x50 y0 md-y0 lg-y0 res-text\">\n                                <div class=\"text-box-content text dark\">\n              \n              <div class=\"text-inner text-center\">\n                  \n\n\t<div id=\"text-1910653093\" class=\"text\">\n\t\t\n\n<div id=\"sub-main-content\">\n<div id=\"sub-main-content-right\">\n<div id=\"contents\">\n<div id=\"content\">\n<div id=\"richtext_1\" class=\"contentElement ceDraggable\">\n<p><span data-text-color=\"secondary\"><strong>Patientenverf\u00fcgung<\/strong><\/span><\/p>\n<p><span data-text-color=\"secondary\">Die Patientenverf\u00fcgung wird vom Notar elektronisch registriert, sodass die Erkl\u00e4rungen im Behandlungsfall vom Arzt aufgefunden werden k\u00f6nnen.<\/span><\/p>\n<p><span data-text-color=\"secondary\">Zu empfehlen ist, die Patientenverf\u00fcgung in verkleinerter Form immer mitzuf\u00fchren.<\/span><\/p>\n<p>\u00a0<\/p>\n<p><span data-text-color=\"secondary\"><strong>Precautionary power<\/strong><\/span><\/p>\n<p><span data-text-color=\"secondary\">Die Vorsorgevollmacht ist nach ihrer Errichtung im \u00d6sterreichischen Zentralen Vertretungsverzeichnis (= \u00d6ZVV) zu registrieren. Wirksam wird die Vorsorgevollmacht, wenn der Vorsorgefall eingetreten ist und der Eintritt des Vorsorgefalls im \u00d6ZVV registriert wurde. Dazu ist die Vorlage eines entsprechenden \u00e4rztlichen Attests erforderlich. Durch die Registrierung kann schnell und unb\u00fcrokratisch festgestellt werden, ob eine Vorsorgevollmacht vorliegt.<\/span><\/p>\n<p><span data-text-color=\"secondary\">Die \u00c4nderung, die K\u00fcndigung, der Widerruf und die sonstige Beendigung einer Vorsorgevollmacht sowie der Eintritt und der Wegfall des Vorsorgefalls einer Vorsorgevollmacht sind m\u00f6glich und sind ebenfalls im \u00d6sterreichischen Zentralen Vertretungsverzeichnis registriert.<\/span><\/p>\n<p>\u00a0<\/p>\n<p><span data-text-color=\"secondary\"><strong>Gew\u00e4hlte und gesetzliche Erwachsenenvertretung<\/strong><\/span><\/p>\n<p><span data-text-color=\"secondary\">Die gew\u00e4hlte und die gesetzliche Erwachsenenvertretung k\u00f6nnen ebenfalls durch den Notar im \u00d6sterreichischen Zentralen Vertretungsverzeichnis registriert werden. Die Registrierung ist Voraussetzung f\u00fcr die G\u00fcltigkeit der gew\u00e4hlten und der gesetzlichen Erwachsenenvertretung.<\/span><\/p>\n<p><span data-text-color=\"secondary\">Dem Notar sind dazu ein \u00e4rztliches Zeugnis \u00fcber den Geisteszustand des Betroffenen vorzulegen sowie bei der gesetzlichen Erwachsenenvertretung eine Urkunde, die die Angeh\u00f6rigenstellung nachweist (Heiratsurkunde, Geburtsurkunde, usw.).<\/span><\/p>\n<p><span data-text-color=\"secondary\">Ebenfalls sind die \u00c4nderung, die K\u00fcndigung, der Widerruf und die sonstige Beendigung einer gew\u00e4hlten Erwachsenenvertretung im \u00d6ZVV zu registrieren.<\/span><\/p>\n<p><span data-text-color=\"secondary\">Die Erkl\u00e4rung, der gesetzlichen Erwachsenenvertretung vorab zu widersprechen und der Widerruf dieser Erkl\u00e4rung sowie der Widerspruch gegen eine bestehende gesetzliche Erwachsenenvertretung sind m\u00f6glich und im \u00d6ZVV zu registrieren.<\/span><\/p>\n<p>\u00a0<\/p>\n<p><span data-text-color=\"secondary\"><strong>Best\u00e4tigung<\/strong><\/span><\/p>\n<p><span data-text-color=\"secondary\">\u00dcber die Registrierung der Patientenverf\u00fcgung, der Vorsorgevollmacht sowie der gew\u00e4hlten und der gesetzlichen Erwachsenenvertretung stellt der Notar Registrierungsbest\u00e4tigungen aus.<\/span><\/p>\n<p><span data-text-color=\"secondary\">Nach der Registrierung durch den Notar erh\u00e4lt die vertretungsbefugte Person eine Registrierungsbest\u00e4tigung, die die Vertretungsbefugnis Dritten gegen\u00fcber ausweist.<\/span><\/p>\n<\/div>\n<\/div>\n<\/div>\n<\/div>\n<\/div>\n\t\t\n<style>\n#text-1910653093 {\n  text-align: left;\n  color: rgb(0,0,0);\n}\n#text-1910653093 > * {\n  color: rgb(0,0,0);\n}\n<\/style>\n\t<\/div>\n\t\n\n              <\/div>\n           <\/div>\n                            \n<style>\n#text-box-297376984 {\n  width: 88%;\n}\n#text-box-297376984 .text-box-content {\n  font-size: 100%;\n}\n<\/style>\n    <\/div>\n \n\n        <\/div>\n      <\/div>\n\n            \n<style>\n#banner-1733664684 {\n  padding-top: 500px;\n  background-color: rgb(232, 232, 232);\n}\n<\/style>\n  <\/div>\n\n\n\t<div id=\"gap-2099393793\" class=\"gap-element clearfix\" style=\"display:block; height:auto;\">\n\t\t\n<style>\n#gap-2099393793 {\n  padding-top: 465px;\n}\n<\/style>\n\t<\/div>","protected":false},"excerpt":{"rendered":"","protected":false},"author":4,"featured_media":0,"parent":0,"menu_order":0,"comment_status":"closed","ping_status":"closed","template":"page-blank.php","meta":{"footnotes":""},"class_list":["post-1170","page","type-page","status-publish","hentry"],"yoast_head":"<!-- This site is optimized with the Yoast SEO plugin v27.4 - https:\/\/yoast.com\/product\/yoast-seo-wordpress\/ -->\n<title>Registrierung und Best\u00e4tigung - \u00d6ffentlicher Notar Mag. Harald Stefan &amp; Partner Kommandit-Partnerschaft<\/title>\n<meta name=\"robots\" content=\"index, follow, max-snippet:-1, max-image-preview:large, max-video-preview:-1\" \/>\n<link rel=\"canonical\" href=\"https:\/\/www.notar-stefan.at\/en\/registrierung-und-bestaetigung\/\" \/>\n<meta property=\"og:locale\" content=\"en_US\" \/>\n<meta property=\"og:type\" content=\"article\" \/>\n<meta property=\"og:title\" content=\"Registrierung und Best\u00e4tigung - \u00d6ffentlicher Notar Mag. Harald Stefan &amp; Partner Kommandit-Partnerschaft\" \/>\n<meta property=\"og:url\" content=\"https:\/\/www.notar-stefan.at\/en\/registrierung-und-bestaetigung\/\" \/>\n<meta property=\"og:site_name\" content=\"\u00d6ffentlicher Notar Mag. Harald Stefan &amp; Partner Kommandit-Partnerschaft\" \/>\n<meta property=\"article:modified_time\" content=\"2021-08-10T17:17:21+00:00\" \/>\n<meta name=\"twitter:card\" content=\"summary_large_image\" \/>\n<meta name=\"twitter:label1\" content=\"Est. reading time\" \/>\n\t<meta name=\"twitter:data1\" content=\"2 minutes\" \/>\n<script type=\"application\/ld+json\" class=\"yoast-schema-graph\">{\"@context\":\"https:\\\/\\\/schema.org\",\"@graph\":[{\"@type\":\"WebPage\",\"@id\":\"https:\\\/\\\/www.notar-stefan.at\\\/registrierung-und-bestaetigung\\\/\",\"url\":\"https:\\\/\\\/www.notar-stefan.at\\\/registrierung-und-bestaetigung\\\/\",\"name\":\"Registrierung und Best\u00e4tigung - \u00d6ffentlicher Notar Mag. Harald Stefan &amp; Partner Kommandit-Partnerschaft\",\"isPartOf\":{\"@id\":\"https:\\\/\\\/www.notar-stefan.at\\\/#website\"},\"datePublished\":\"2021-08-10T12:26:16+00:00\",\"dateModified\":\"2021-08-10T17:17:21+00:00\",\"breadcrumb\":{\"@id\":\"https:\\\/\\\/www.notar-stefan.at\\\/registrierung-und-bestaetigung\\\/#breadcrumb\"},\"inLanguage\":\"en-US\",\"potentialAction\":[{\"@type\":\"ReadAction\",\"target\":[\"https:\\\/\\\/www.notar-stefan.at\\\/registrierung-und-bestaetigung\\\/\"]}]},{\"@type\":\"BreadcrumbList\",\"@id\":\"https:\\\/\\\/www.notar-stefan.at\\\/registrierung-und-bestaetigung\\\/#breadcrumb\",\"itemListElement\":[{\"@type\":\"ListItem\",\"position\":1,\"name\":\"Startseite\",\"item\":\"https:\\\/\\\/www.notar-stefan.at\\\/\"},{\"@type\":\"ListItem\",\"position\":2,\"name\":\"Registrierung und Best\u00e4tigung\"}]},{\"@type\":\"WebSite\",\"@id\":\"https:\\\/\\\/www.notar-stefan.at\\\/#website\",\"url\":\"https:\\\/\\\/www.notar-stefan.at\\\/\",\"name\":\"\u00d6ffentlicher Notar Mag. Harald Stefan &amp; Partner Kommandit-Partnerschaft\",\"description\":\"\",\"potentialAction\":[{\"@type\":\"SearchAction\",\"target\":{\"@type\":\"EntryPoint\",\"urlTemplate\":\"https:\\\/\\\/www.notar-stefan.at\\\/?s={search_term_string}\"},\"query-input\":{\"@type\":\"PropertyValueSpecification\",\"valueRequired\":true,\"valueName\":\"search_term_string\"}}],\"inLanguage\":\"en-US\"}]}<\/script>\n<!-- \/ Yoast SEO plugin. -->","yoast_head_json":{"title":"Registrierung und Best\u00e4tigung - \u00d6ffentlicher Notar Mag. Harald Stefan &amp; Partner Kommandit-Partnerschaft","robots":{"index":"index","follow":"follow","max-snippet":"max-snippet:-1","max-image-preview":"max-image-preview:large","max-video-preview":"max-video-preview:-1"},"canonical":"https:\/\/www.notar-stefan.at\/en\/registrierung-und-bestaetigung\/","og_locale":"en_US","og_type":"article","og_title":"Registrierung und Best\u00e4tigung - \u00d6ffentlicher Notar Mag. Harald Stefan &amp; Partner Kommandit-Partnerschaft","og_url":"https:\/\/www.notar-stefan.at\/en\/registrierung-und-bestaetigung\/","og_site_name":"\u00d6ffentlicher Notar Mag. Harald Stefan &amp; Partner Kommandit-Partnerschaft","article_modified_time":"2021-08-10T17:17:21+00:00","twitter_card":"summary_large_image","twitter_misc":{"Est. reading time":"2 minutes"},"schema":{"@context":"https:\/\/schema.org","@graph":[{"@type":"WebPage","@id":"https:\/\/www.notar-stefan.at\/registrierung-und-bestaetigung\/","url":"https:\/\/www.notar-stefan.at\/registrierung-und-bestaetigung\/","name":"Registrierung und Best\u00e4tigung - \u00d6ffentlicher Notar Mag. Harald Stefan &amp; Partner Kommandit-Partnerschaft","isPartOf":{"@id":"https:\/\/www.notar-stefan.at\/#website"},"datePublished":"2021-08-10T12:26:16+00:00","dateModified":"2021-08-10T17:17:21+00:00","breadcrumb":{"@id":"https:\/\/www.notar-stefan.at\/registrierung-und-bestaetigung\/#breadcrumb"},"inLanguage":"en-US","potentialAction":[{"@type":"ReadAction","target":["https:\/\/www.notar-stefan.at\/registrierung-und-bestaetigung\/"]}]},{"@type":"BreadcrumbList","@id":"https:\/\/www.notar-stefan.at\/registrierung-und-bestaetigung\/#breadcrumb","itemListElement":[{"@type":"ListItem","position":1,"name":"Startseite","item":"https:\/\/www.notar-stefan.at\/"},{"@type":"ListItem","position":2,"name":"Registrierung und Best\u00e4tigung"}]},{"@type":"WebSite","@id":"https:\/\/www.notar-stefan.at\/#website","url":"https:\/\/www.notar-stefan.at\/","name":"\u00d6ffentlicher Notar Mag. Harald Stefan &amp; Partner Kommandit-Partnerschaft","description":"","potentialAction":[{"@type":"SearchAction","target":{"@type":"EntryPoint","urlTemplate":"https:\/\/www.notar-stefan.at\/?s={search_term_string}"},"query-input":{"@type":"PropertyValueSpecification","valueRequired":true,"valueName":"search_term_string"}}],"inLanguage":"en-US"}]}},"_links":{"self":[{"href":"https:\/\/www.notar-stefan.at\/en\/wp-json\/wp\/v2\/pages\/1170","targetHints":{"allow":["GET"]}}],"collection":[{"href":"https:\/\/www.notar-stefan.at\/en\/wp-json\/wp\/v2\/pages"}],"about":[{"href":"https:\/\/www.notar-stefan.at\/en\/wp-json\/wp\/v2\/types\/page"}],"author":[{"embeddable":true,"href":"https:\/\/www.notar-stefan.at\/en\/wp-json\/wp\/v2\/users\/4"}],"replies":[{"embeddable":true,"href":"https:\/\/www.notar-stefan.at\/en\/wp-json\/wp\/v2\/comments?post=1170"}],"version-history":[{"count":3,"href":"https:\/\/www.notar-stefan.at\/en\/wp-json\/wp\/v2\/pages\/1170\/revisions"}],"predecessor-version":[{"id":1423,"href":"https:\/\/www.notar-stefan.at\/en\/wp-json\/wp\/v2\/pages\/1170\/revisions\/1423"}],"wp:attachment":[{"href":"https:\/\/www.notar-stefan.at\/en\/wp-json\/wp\/v2\/media?parent=1170"}],"curies":[{"name":"wp","href":"https:\/\/api.w.org\/{rel}","templated":true}]}}