{"id":1200,"date":"2021-08-10T14:28:25","date_gmt":"2021-08-10T12:28:25","guid":{"rendered":"https:\/\/localhost\/wpnotarstefan\/?page_id=1200"},"modified":"2021-08-10T19:34:26","modified_gmt":"2021-08-10T17:34:26","slug":"francais-franzoesisch","status":"publish","type":"page","link":"https:\/\/www.notar-stefan.at\/en\/francais-franzoesisch\/","title":{"rendered":"FRAN\u00c7AIS \/ FRENCH"},"content":{"rendered":"<div class=\"banner has-hover\" id=\"banner-1894629528\">\n          <div class=\"banner-inner fill\">\n        <div class=\"banner-bg fill\" >\n            <div class=\"bg fill bg-fill\"><\/div>\n                        <div class=\"overlay\"><\/div>            \n                    <\/div>\n        <div class=\"banner-layers container\">\n            <div class=\"fill banner-link\"><\/div>            \n\n   <div id=\"text-box-428002821\" class=\"text-box banner-layer x0 md-x0 lg-x0 y50 md-y50 lg-y50 res-text\">\n                                <div class=\"text-box-content text dark\">\n              \n              <div class=\"text-inner text-center\">\n                  \n\n\t<div class=\"img has-hover x md-x lg-x y md-y lg-y\" id=\"image_1378808376\">\n\t\t<a class=\"\" href=\"https:\/\/www.notar-stefan.at\/en\/beiziehung-eines-dolmetschers\/\"  >\t\t\t\t\t\t<div class=\"img-inner dark\" >\n\t\t\t\t\t\t\t\t\t\n\t\t\t\t\t<\/div>\n\t\t\t\t\t\t<\/a>\t\t\n<style>\n#image_1378808376 {\n  width: 28%;\n}\n<\/style>\n\t<\/div>\n\t\n\n\n              <\/div>\n           <\/div>\n                            \n<style>\n#text-box-428002821 {\n  width: 18%;\n}\n#text-box-428002821 .text-box-content {\n  font-size: 100%;\n}\n<\/style>\n    <\/div>\n \n\n        <\/div>\n      <\/div>\n\n            \n<style>\n#banner-1894629528 {\n  padding-top: 103px;\n}\n#banner-1894629528 .bg.bg-loaded {\n  background-image: url(https:\/\/www.notar-stefan.at\/wp-content\/uploads\/2021\/07\/jghnedpoxi.png);\n}\n#banner-1894629528 .overlay {\n  background-color: rgba(0, 0, 0, 0.081);\n}\n#banner-1894629528 .bg {\n  background-position: 84% 0%;\n}\n<\/style>\n  <\/div>\n\n\n<div class=\"container section-title-container\" ><h3 class=\"section-title section-title-center\"><b><\/b><span class=\"section-title-main\" style=\"color:rgb(8, 100, 156);\">FRANZ\u00d6SISCH\/FRANCAIS<\/span><b><\/b><\/h3><\/div>\n\n\n  <div class=\"banner has-hover\" id=\"banner-172748057\">\n          <div class=\"banner-inner fill\">\n        <div class=\"banner-bg fill\" >\n            <div class=\"bg fill bg-fill\"><\/div>\n                                    \n                    <\/div>\n        <div class=\"banner-layers container\">\n            <div class=\"fill banner-link\"><\/div>            \n\n   <div id=\"text-box-156602920\" class=\"text-box banner-layer x50 md-x50 lg-x50 y0 md-y0 lg-y0 res-text\">\n                                <div class=\"text-box-content text dark\">\n              \n              <div class=\"text-inner text-center\">\n                  \n\n\t<div id=\"text-1418972096\" class=\"text\">\n\t\t\n\n<div id=\"sub-main-content\">\n<div id=\"sub-main-content-right\">\n<div id=\"contents\">\n<div id=\"content\">\n<div id=\"richtext_1\" class=\"contentElement ceDraggable\">\n<div id=\"sub-main-content\">\n<div id=\"sub-main-content-right\">\n<div id=\"contents\">\n<div id=\"content\">\n<div id=\"richtext_61\" class=\"contentElement ceDraggable\">\n<p><span data-text-color=\"secondary\">Si lors de l&#8217;\u00e9tablissement d&#8217;un acte notari\u00e9, une partie ne conna\u00eet pas la langue allemande, il faut alors avoir recours \u00e0 un interpr\u00e8te juridiquement asserment\u00e9. Il n&#8217;est pas autoris\u00e9 de faire effectuer la traduction dans une langue autre que l&#8217;allemand par une personne de confiance amen\u00e9e ou en accord avec le notaire. Les frais de l&#8217;interpr\u00e8te juridiquement asserment\u00e9 doivent \u00eatre r\u00e9gl\u00e9s directement \u00e0 celui-ci dans les plus brefs d\u00e9lais au cours de l&#8217;\u00e9tablissement de l&#8217;acte et ne sont pas un \u00e9l\u00e9ment de nos honoraires.<\/span><\/p>\n<\/div>\n<\/div>\n<\/div>\n<\/div>\n<\/div>\n<\/div>\n<\/div>\n<\/div>\n<\/div>\n<\/div>\n\t\t\n<style>\n#text-1418972096 {\n  text-align: left;\n  color: rgb(0,0,0);\n}\n#text-1418972096 > * {\n  color: rgb(0,0,0);\n}\n<\/style>\n\t<\/div>\n\t\n\n              <\/div>\n           <\/div>\n                            \n<style>\n#text-box-156602920 {\n  width: 88%;\n}\n#text-box-156602920 .text-box-content {\n  font-size: 100%;\n}\n<\/style>\n    <\/div>\n \n\n        <\/div>\n      <\/div>\n\n            \n<style>\n#banner-172748057 {\n  padding-top: 500px;\n  background-color: rgb(232, 232, 232);\n}\n<\/style>\n  <\/div>","protected":false},"excerpt":{"rendered":"","protected":false},"author":4,"featured_media":0,"parent":0,"menu_order":0,"comment_status":"closed","ping_status":"closed","template":"page-blank.php","meta":{"footnotes":""},"class_list":["post-1200","page","type-page","status-publish","hentry"],"yoast_head":"<!-- This site is optimized with the Yoast SEO plugin v27.4 - https:\/\/yoast.com\/product\/yoast-seo-wordpress\/ -->\n<title>FRAN\u00c7AIS \/ FRANZ\u00d6SISCH - \u00d6ffentlicher Notar Mag. Harald Stefan &amp; Partner Kommandit-Partnerschaft<\/title>\n<meta name=\"robots\" content=\"index, follow, max-snippet:-1, max-image-preview:large, max-video-preview:-1\" \/>\n<link rel=\"canonical\" href=\"https:\/\/www.notar-stefan.at\/en\/francais-franzoesisch\/\" \/>\n<meta property=\"og:locale\" content=\"en_US\" \/>\n<meta property=\"og:type\" content=\"article\" \/>\n<meta property=\"og:title\" content=\"FRAN\u00c7AIS \/ FRANZ\u00d6SISCH - \u00d6ffentlicher Notar Mag. Harald Stefan &amp; Partner Kommandit-Partnerschaft\" \/>\n<meta property=\"og:url\" content=\"https:\/\/www.notar-stefan.at\/en\/francais-franzoesisch\/\" \/>\n<meta property=\"og:site_name\" content=\"\u00d6ffentlicher Notar Mag. Harald Stefan &amp; Partner Kommandit-Partnerschaft\" \/>\n<meta property=\"article:modified_time\" content=\"2021-08-10T17:34:26+00:00\" \/>\n<meta name=\"twitter:card\" content=\"summary_large_image\" \/>\n<meta name=\"twitter:label1\" content=\"Est. reading time\" \/>\n\t<meta name=\"twitter:data1\" content=\"1 minute\" \/>\n<script type=\"application\/ld+json\" class=\"yoast-schema-graph\">{\"@context\":\"https:\\\/\\\/schema.org\",\"@graph\":[{\"@type\":\"WebPage\",\"@id\":\"https:\\\/\\\/www.notar-stefan.at\\\/francais-franzoesisch\\\/\",\"url\":\"https:\\\/\\\/www.notar-stefan.at\\\/francais-franzoesisch\\\/\",\"name\":\"FRAN\u00c7AIS \\\/ FRANZ\u00d6SISCH - \u00d6ffentlicher Notar Mag. Harald Stefan &amp; Partner Kommandit-Partnerschaft\",\"isPartOf\":{\"@id\":\"https:\\\/\\\/www.notar-stefan.at\\\/#website\"},\"datePublished\":\"2021-08-10T12:28:25+00:00\",\"dateModified\":\"2021-08-10T17:34:26+00:00\",\"breadcrumb\":{\"@id\":\"https:\\\/\\\/www.notar-stefan.at\\\/francais-franzoesisch\\\/#breadcrumb\"},\"inLanguage\":\"en-US\",\"potentialAction\":[{\"@type\":\"ReadAction\",\"target\":[\"https:\\\/\\\/www.notar-stefan.at\\\/francais-franzoesisch\\\/\"]}]},{\"@type\":\"BreadcrumbList\",\"@id\":\"https:\\\/\\\/www.notar-stefan.at\\\/francais-franzoesisch\\\/#breadcrumb\",\"itemListElement\":[{\"@type\":\"ListItem\",\"position\":1,\"name\":\"Startseite\",\"item\":\"https:\\\/\\\/www.notar-stefan.at\\\/\"},{\"@type\":\"ListItem\",\"position\":2,\"name\":\"FRAN\u00c7AIS \\\/ FRANZ\u00d6SISCH\"}]},{\"@type\":\"WebSite\",\"@id\":\"https:\\\/\\\/www.notar-stefan.at\\\/#website\",\"url\":\"https:\\\/\\\/www.notar-stefan.at\\\/\",\"name\":\"\u00d6ffentlicher Notar Mag. Harald Stefan &amp; Partner Kommandit-Partnerschaft\",\"description\":\"\",\"potentialAction\":[{\"@type\":\"SearchAction\",\"target\":{\"@type\":\"EntryPoint\",\"urlTemplate\":\"https:\\\/\\\/www.notar-stefan.at\\\/?s={search_term_string}\"},\"query-input\":{\"@type\":\"PropertyValueSpecification\",\"valueRequired\":true,\"valueName\":\"search_term_string\"}}],\"inLanguage\":\"en-US\"}]}<\/script>\n<!-- \/ Yoast SEO plugin. -->","yoast_head_json":{"title":"FRAN\u00c7AIS \/ FRANZ\u00d6SISCH - \u00d6ffentlicher Notar Mag. Harald Stefan &amp; Partner Kommandit-Partnerschaft","robots":{"index":"index","follow":"follow","max-snippet":"max-snippet:-1","max-image-preview":"max-image-preview:large","max-video-preview":"max-video-preview:-1"},"canonical":"https:\/\/www.notar-stefan.at\/en\/francais-franzoesisch\/","og_locale":"en_US","og_type":"article","og_title":"FRAN\u00c7AIS \/ FRANZ\u00d6SISCH - \u00d6ffentlicher Notar Mag. Harald Stefan &amp; Partner Kommandit-Partnerschaft","og_url":"https:\/\/www.notar-stefan.at\/en\/francais-franzoesisch\/","og_site_name":"\u00d6ffentlicher Notar Mag. Harald Stefan &amp; Partner Kommandit-Partnerschaft","article_modified_time":"2021-08-10T17:34:26+00:00","twitter_card":"summary_large_image","twitter_misc":{"Est. reading time":"1 minute"},"schema":{"@context":"https:\/\/schema.org","@graph":[{"@type":"WebPage","@id":"https:\/\/www.notar-stefan.at\/francais-franzoesisch\/","url":"https:\/\/www.notar-stefan.at\/francais-franzoesisch\/","name":"FRAN\u00c7AIS \/ FRANZ\u00d6SISCH - \u00d6ffentlicher Notar Mag. Harald Stefan &amp; Partner Kommandit-Partnerschaft","isPartOf":{"@id":"https:\/\/www.notar-stefan.at\/#website"},"datePublished":"2021-08-10T12:28:25+00:00","dateModified":"2021-08-10T17:34:26+00:00","breadcrumb":{"@id":"https:\/\/www.notar-stefan.at\/francais-franzoesisch\/#breadcrumb"},"inLanguage":"en-US","potentialAction":[{"@type":"ReadAction","target":["https:\/\/www.notar-stefan.at\/francais-franzoesisch\/"]}]},{"@type":"BreadcrumbList","@id":"https:\/\/www.notar-stefan.at\/francais-franzoesisch\/#breadcrumb","itemListElement":[{"@type":"ListItem","position":1,"name":"Startseite","item":"https:\/\/www.notar-stefan.at\/"},{"@type":"ListItem","position":2,"name":"FRAN\u00c7AIS \/ FRANZ\u00d6SISCH"}]},{"@type":"WebSite","@id":"https:\/\/www.notar-stefan.at\/#website","url":"https:\/\/www.notar-stefan.at\/","name":"\u00d6ffentlicher Notar Mag. Harald Stefan &amp; Partner Kommandit-Partnerschaft","description":"","potentialAction":[{"@type":"SearchAction","target":{"@type":"EntryPoint","urlTemplate":"https:\/\/www.notar-stefan.at\/?s={search_term_string}"},"query-input":{"@type":"PropertyValueSpecification","valueRequired":true,"valueName":"search_term_string"}}],"inLanguage":"en-US"}]}},"_links":{"self":[{"href":"https:\/\/www.notar-stefan.at\/en\/wp-json\/wp\/v2\/pages\/1200","targetHints":{"allow":["GET"]}}],"collection":[{"href":"https:\/\/www.notar-stefan.at\/en\/wp-json\/wp\/v2\/pages"}],"about":[{"href":"https:\/\/www.notar-stefan.at\/en\/wp-json\/wp\/v2\/types\/page"}],"author":[{"embeddable":true,"href":"https:\/\/www.notar-stefan.at\/en\/wp-json\/wp\/v2\/users\/4"}],"replies":[{"embeddable":true,"href":"https:\/\/www.notar-stefan.at\/en\/wp-json\/wp\/v2\/comments?post=1200"}],"version-history":[{"count":2,"href":"https:\/\/www.notar-stefan.at\/en\/wp-json\/wp\/v2\/pages\/1200\/revisions"}],"predecessor-version":[{"id":1442,"href":"https:\/\/www.notar-stefan.at\/en\/wp-json\/wp\/v2\/pages\/1200\/revisions\/1442"}],"wp:attachment":[{"href":"https:\/\/www.notar-stefan.at\/en\/wp-json\/wp\/v2\/media?parent=1200"}],"curies":[{"name":"wp","href":"https:\/\/api.w.org\/{rel}","templated":true}]}}