{"id":628,"date":"2021-07-28T11:55:07","date_gmt":"2021-07-28T09:55:07","guid":{"rendered":"https:\/\/localhost\/wpnotarstefan\/?page_id=628"},"modified":"2021-07-28T19:22:42","modified_gmt":"2021-07-28T17:22:42","slug":"ohne-testament-geht-der-lebensgefaehrte-moeglicherweise-leer-aus","status":"publish","type":"page","link":"https:\/\/www.notar-stefan.at\/en\/ohne-testament-geht-der-lebensgefaehrte-moeglicherweise-leer-aus\/","title":{"rendered":"Without a will, the life partner may end up empty"},"content":{"rendered":"<div class=\"banner has-hover hide-for-medium\" id=\"banner-184396952\">\n          <div class=\"banner-inner fill\">\n        <div class=\"banner-bg fill\" >\n            <div class=\"bg fill bg-fill\"><\/div>\n                                    \n                    <\/div>\n        <div class=\"banner-layers container\">\n            <div class=\"fill banner-link\"><\/div>            \n\n   <div id=\"text-box-1987842285\" class=\"text-box banner-layer x100 md-x100 lg-x100 y0 md-y0 lg-y0 res-text\">\n                                <div class=\"text-box-content text dark\">\n              \n              <div class=\"text-inner text-center\">\n                  \n\n\t<div id=\"text-25167938\" class=\"text\">\n\t\t\n\n<h4>Without a will, the life partner may end up empty<\/h4>\n\t\t\n<style>\n#text-25167938 {\n  font-size: 0.9rem;\n  line-height: 1.05;\n  text-align: left;\n  color: rgb(8, 100, 156);\n}\n#text-25167938 > * {\n  color: rgb(8, 100, 156);\n}\n<\/style>\n\t<\/div>\n\t\n\t<div id=\"text-4166962627\" class=\"text\">\n\t\t\n\n<p style=\"text-align: left;\"><em>12 October 2017 \/ <\/em><em>Mag. Markus PEIER<\/em><\/p>\n\t\t\n<style>\n#text-4166962627 {\n  font-size: 0.75rem;\n  color: rgba(0, 0, 0, 0.372);\n}\n#text-4166962627 > * {\n  color: rgba(0, 0, 0, 0.372);\n}\n<\/style>\n\t<\/div>\n\t\n\t<div id=\"text-1990057716\" class=\"text\">\n\t\t\n\n<p class=\"entry-p\">The 2015 Inheritance Law Amendment Act came into force for the most part on 1 January 2017. In addition to only linguistic changes, the inheritance laws, which largely date back to 1811, were also adapted in terms of content. For the first time, a so-called extraordinary inheritance law for partners was also introduced:<br \/><br \/>In the absence of a legal inheritance, the deceased\u2019s partner shall be entitled to the entire inheritance, provided that he or she has lived in the common household with the deceased as his or her partner for at least three years prior to the death of the deceased. This also means, however, that without a will the life partner only inherits if there is no (even a distant) relative. Thus, without a will, for example, the descendants of the deceased\u2019s aunt, who is also dead, take precedence over the life partner in the inheritance right.<\/p>\n\t\t\n<style>\n#text-1990057716 {\n  text-align: left;\n  color: rgb(0,0,0);\n}\n#text-1990057716 > * {\n  color: rgb(0,0,0);\n}\n<\/style>\n\t<\/div>\n\t\n\n              <\/div>\n           <\/div>\n                            \n<style>\n#text-box-1987842285 {\n  width: 58%;\n}\n#text-box-1987842285 .text-box-content {\n  font-size: 100%;\n}\n<\/style>\n    <\/div>\n \n   <div id=\"text-box-391355110\" class=\"text-box banner-layer x0 md-x0 lg-x0 y95 md-y95 lg-y95 res-text\">\n                                <div class=\"text-box-content text dark\">\n              \n              <div class=\"text-inner text-center\">\n                  \n\n\t<div id=\"text-2228091571\" class=\"text\">\n\t\t\n\n<p style=\"text-align: left;\">In order to avoid unpleasant surprises, therefore, in spite of the changes introduced by the 2015 Injitance Law Amendment Act, life-mates should establish a final will (wills). We will be happy to advise you. The first consultation with the notary is free of charge.<\/p>\n\t\t\n<style>\n#text-2228091571 {\n  color: rgb(0,0,0);\n}\n#text-2228091571 > * {\n  color: rgb(0,0,0);\n}\n<\/style>\n\t<\/div>\n\t\n\n              <\/div>\n           <\/div>\n                            \n<style>\n#text-box-391355110 {\n  width: 100%;\n}\n#text-box-391355110 .text-box-content {\n  font-size: 100%;\n}\n<\/style>\n    <\/div>\n \n   <div id=\"text-box-316033287\" class=\"text-box banner-layer x0 md-x0 lg-x0 y0 md-y0 lg-y0 res-text\">\n                                <div class=\"text-box-content text dark\">\n              \n              <div class=\"text-inner text-center\">\n                  \n\n\t<div class=\"img has-hover x md-x lg-x y md-y lg-y\" id=\"image_1756189656\">\n\t\t\t\t\t\t\t\t<div class=\"img-inner image-cover dark\" style=\"padding-top:366px;\">\n\t\t\t<img loading=\"lazy\" decoding=\"async\" width=\"331\" height=\"219\" src=\"https:\/\/www.notar-stefan.at\/wp-content\/uploads\/2021\/07\/w.png\" class=\"attachment-large size-large\" alt=\"\" \/>\t\t\t\t\t\t\n\t\t\t\t\t<\/div>\n\t\t\t\t\t\t\t\t\n<style>\n#image_1756189656 {\n  width: 100%;\n}\n<\/style>\n\t<\/div>\n\t\n\n\n              <\/div>\n           <\/div>\n                            \n<style>\n#text-box-316033287 .text-inner {\n  padding: 15px 0px 1px 0px;\n}\n#text-box-316033287 {\n  width: 41%;\n}\n#text-box-316033287 .text-box-content {\n  font-size: 100%;\n}\n<\/style>\n    <\/div>\n \n\n        <\/div>\n      <\/div>\n\n            \n<style>\n#banner-184396952 {\n  padding-top: 42%;\n  background-color: rgb(233, 233, 233);\n}\n<\/style>\n  <\/div>\n\n\n\t<div id=\"gap-403484573\" class=\"gap-element clearfix hide-for-medium\" style=\"display:block; height:auto;\">\n\t\t\n<style>\n#gap-403484573 {\n  padding-top: 194px;\n}\n<\/style>\n\t<\/div>\n\t\n\n<div class=\"container section-title-container show-for-small\" ><h3 class=\"section-title section-title-center\"><b><\/b><span class=\"section-title-main\" style=\"color:rgb(8, 100, 156);\">Without a will, the life partner may end up empty<\/span><b><\/b><\/h3><\/div>\n\n<div class=\"row show-for-small\"  id=\"row-696529003\">\n\n\n\t<div id=\"col-452468587\" class=\"col medium-6 small-12 large-6\"  >\n\t\t<div class=\"col-inner\"  >\n\t\t\t\n\t\t\t\n\n\t<div class=\"img has-hover x md-x lg-x y md-y lg-y\" id=\"image_894406056\">\n\t\t\t\t\t\t\t\t<div class=\"img-inner dark\" >\n\t\t\t<img loading=\"lazy\" decoding=\"async\" width=\"331\" height=\"219\" src=\"https:\/\/www.notar-stefan.at\/wp-content\/uploads\/2021\/07\/w.png\" class=\"attachment-medium size-medium\" alt=\"\" \/>\t\t\t\t\t\t\n\t\t\t\t\t<\/div>\n\t\t\t\t\t\t\t\t\n<style>\n#image_894406056 {\n  width: 100%;\n}\n<\/style>\n\t<\/div>\n\t\n\n\n\t\t<\/div>\n\t\t\t<\/div>\n\n\t\n\n\t<div id=\"col-1439854072\" class=\"col medium-6 small-12 large-6\"  >\n\t\t<div class=\"col-inner\"  >\n\t\t\t\n\t\t\t\n\n<p><strong><em>12 October 2017 \/ <\/em><\/strong><strong><em>Mag. Markus PEIER<\/em><\/strong><\/p>\n<p>The 2015 Inheritance Law Amendment Act came into force for the most part on 1 January 2017. In addition to only linguistic changes, the inheritance laws, which largely date back to 1811, were also adapted in terms of content. For the first time, a so-called extraordinary inheritance law for partners was also introduced:<br \/><br \/>In the absence of a legal inheritance, the deceased\u2019s partner shall be entitled to the entire inheritance, provided that he or she has lived in the common household with the deceased as his or her partner for at least three years prior to the death of the deceased. This also means, however, that without a will the life partner only inherits if there is no (even a distant) relative. Thus, without a will, for example, the descendants of the deceased\u2019s aunt, who is also dead, take precedence over the life partner in the inheritance right.<br \/><br \/>In order to avoid unpleasant surprises, therefore, in spite of the changes introduced by the 2015 Injitance Law Amendment Act, life-mates should establish a final will (wills). We will be happy to advise you. The first consultation with the notary is free of charge.<\/p>\n\n\t\t<\/div>\n\t\t\t<\/div>\n\n\t\n\n<\/div>\n<div class=\"container section-title-container show-for-medium hide-for-small\" ><h3 class=\"section-title section-title-center\"><b><\/b><span class=\"section-title-main\" style=\"color:rgb(8, 100, 156);\">Without a will, the life partner may end up empty<\/span><b><\/b><\/h3><\/div>\n\n<div class=\"row show-for-medium hide-for-small\"  id=\"row-1469999408\">\n\n\n\t<div id=\"col-1915075422\" class=\"col medium-6 small-12 large-6\"  >\n\t\t<div class=\"col-inner\"  >\n\t\t\t\n\t\t\t\n\n\t<div class=\"img has-hover x md-x lg-x y md-y lg-y\" id=\"image_1221962898\">\n\t\t\t\t\t\t\t\t<div class=\"img-inner dark\" >\n\t\t\t<img loading=\"lazy\" decoding=\"async\" width=\"331\" height=\"219\" src=\"https:\/\/www.notar-stefan.at\/wp-content\/uploads\/2021\/07\/w.png\" class=\"attachment-medium size-medium\" alt=\"\" \/>\t\t\t\t\t\t\n\t\t\t\t\t<\/div>\n\t\t\t\t\t\t\t\t\n<style>\n#image_1221962898 {\n  width: 100%;\n}\n<\/style>\n\t<\/div>\n\t\n\n\n\t\t<\/div>\n\t\t\t<\/div>\n\n\t\n\n\t<div id=\"col-627766179\" class=\"col medium-6 small-12 large-6\"  >\n\t\t<div class=\"col-inner\"  >\n\t\t\t\n\t\t\t\n\n<p><strong><em>12 October 2017 \/ <\/em><\/strong><strong><em>Mag. Markus PEIER<\/em><\/strong><\/p>\n<p>The 2015 Inheritance Law Amendment Act came into force for the most part on 1 January 2017. In addition to only linguistic changes, the inheritance laws, which largely date back to 1811, were also adapted in terms of content. For the first time, a so-called extraordinary inheritance law for partners was also introduced:<br \/><br \/>In the absence of a legal inheritance, the deceased\u2019s partner shall be entitled to the entire inheritance, provided that he or she has lived in the common household with the deceased as his or her partner for at least three years prior to the death of the deceased. This also means, however, that without a will the life partner only inherits if there is no (even a distant) relative. Thus, without a will, for example, the descendants of the deceased\u2019s aunt, who is also dead, take precedence over the life partner in the inheritance right.<br \/><br \/>In order to avoid unpleasant surprises, therefore, in spite of the changes introduced by the 2015 Injitance Law Amendment Act, life-mates should establish a final will (wills). We will be happy to advise you. The first consultation with the notary is free of charge.<\/p>\n\n\t\t<\/div>\n\t\t\t<\/div>\n\n\t\n\n<\/div>","protected":false},"excerpt":{"rendered":"","protected":false},"author":4,"featured_media":0,"parent":0,"menu_order":0,"comment_status":"closed","ping_status":"closed","template":"","meta":{"footnotes":""},"class_list":["post-628","page","type-page","status-publish","hentry"],"yoast_head":"<!-- This site is optimized with the Yoast SEO plugin v27.5 - https:\/\/yoast.com\/product\/yoast-seo-wordpress\/ -->\n<title>Ohne Testament geht der Lebensgef\u00e4hrte m\u00f6glicherweise leer aus - \u00d6ffentlicher Notar Mag. Harald Stefan &amp; Partner Kommandit-Partnerschaft<\/title>\n<meta name=\"robots\" content=\"index, follow, max-snippet:-1, max-image-preview:large, max-video-preview:-1\" \/>\n<link rel=\"canonical\" href=\"https:\/\/www.notar-stefan.at\/en\/ohne-testament-geht-der-lebensgefaehrte-moeglicherweise-leer-aus\/\" \/>\n<meta property=\"og:locale\" content=\"en_US\" \/>\n<meta property=\"og:type\" content=\"article\" \/>\n<meta property=\"og:title\" content=\"Ohne Testament geht der Lebensgef\u00e4hrte m\u00f6glicherweise leer aus - \u00d6ffentlicher Notar Mag. Harald Stefan &amp; Partner Kommandit-Partnerschaft\" \/>\n<meta property=\"og:url\" content=\"https:\/\/www.notar-stefan.at\/en\/ohne-testament-geht-der-lebensgefaehrte-moeglicherweise-leer-aus\/\" \/>\n<meta property=\"og:site_name\" content=\"\u00d6ffentlicher Notar Mag. Harald Stefan &amp; Partner Kommandit-Partnerschaft\" \/>\n<meta property=\"article:modified_time\" content=\"2021-07-28T17:22:42+00:00\" \/>\n<meta name=\"twitter:card\" content=\"summary_large_image\" \/>\n<script type=\"application\/ld+json\" class=\"yoast-schema-graph\">{\"@context\":\"https:\\\/\\\/schema.org\",\"@graph\":[{\"@type\":\"WebPage\",\"@id\":\"https:\\\/\\\/www.notar-stefan.at\\\/ohne-testament-geht-der-lebensgefaehrte-moeglicherweise-leer-aus\\\/\",\"url\":\"https:\\\/\\\/www.notar-stefan.at\\\/ohne-testament-geht-der-lebensgefaehrte-moeglicherweise-leer-aus\\\/\",\"name\":\"Ohne Testament geht der Lebensgef\u00e4hrte m\u00f6glicherweise leer aus - \u00d6ffentlicher Notar Mag. Harald Stefan &amp; Partner Kommandit-Partnerschaft\",\"isPartOf\":{\"@id\":\"https:\\\/\\\/www.notar-stefan.at\\\/#website\"},\"datePublished\":\"2021-07-28T09:55:07+00:00\",\"dateModified\":\"2021-07-28T17:22:42+00:00\",\"breadcrumb\":{\"@id\":\"https:\\\/\\\/www.notar-stefan.at\\\/ohne-testament-geht-der-lebensgefaehrte-moeglicherweise-leer-aus\\\/#breadcrumb\"},\"inLanguage\":\"en-US\",\"potentialAction\":[{\"@type\":\"ReadAction\",\"target\":[\"https:\\\/\\\/www.notar-stefan.at\\\/ohne-testament-geht-der-lebensgefaehrte-moeglicherweise-leer-aus\\\/\"]}]},{\"@type\":\"BreadcrumbList\",\"@id\":\"https:\\\/\\\/www.notar-stefan.at\\\/ohne-testament-geht-der-lebensgefaehrte-moeglicherweise-leer-aus\\\/#breadcrumb\",\"itemListElement\":[{\"@type\":\"ListItem\",\"position\":1,\"name\":\"Startseite\",\"item\":\"https:\\\/\\\/www.notar-stefan.at\\\/\"},{\"@type\":\"ListItem\",\"position\":2,\"name\":\"Ohne Testament geht der Lebensgef\u00e4hrte m\u00f6glicherweise leer aus\"}]},{\"@type\":\"WebSite\",\"@id\":\"https:\\\/\\\/www.notar-stefan.at\\\/#website\",\"url\":\"https:\\\/\\\/www.notar-stefan.at\\\/\",\"name\":\"\u00d6ffentlicher Notar Mag. Harald Stefan &amp; Partner Kommandit-Partnerschaft\",\"description\":\"\",\"potentialAction\":[{\"@type\":\"SearchAction\",\"target\":{\"@type\":\"EntryPoint\",\"urlTemplate\":\"https:\\\/\\\/www.notar-stefan.at\\\/?s={search_term_string}\"},\"query-input\":{\"@type\":\"PropertyValueSpecification\",\"valueRequired\":true,\"valueName\":\"search_term_string\"}}],\"inLanguage\":\"en-US\"}]}<\/script>\n<!-- \/ Yoast SEO plugin. -->","yoast_head_json":{"title":"Ohne Testament geht der Lebensgef\u00e4hrte m\u00f6glicherweise leer aus - \u00d6ffentlicher Notar Mag. Harald Stefan &amp; Partner Kommandit-Partnerschaft","robots":{"index":"index","follow":"follow","max-snippet":"max-snippet:-1","max-image-preview":"max-image-preview:large","max-video-preview":"max-video-preview:-1"},"canonical":"https:\/\/www.notar-stefan.at\/en\/ohne-testament-geht-der-lebensgefaehrte-moeglicherweise-leer-aus\/","og_locale":"en_US","og_type":"article","og_title":"Ohne Testament geht der Lebensgef\u00e4hrte m\u00f6glicherweise leer aus - \u00d6ffentlicher Notar Mag. Harald Stefan &amp; Partner Kommandit-Partnerschaft","og_url":"https:\/\/www.notar-stefan.at\/en\/ohne-testament-geht-der-lebensgefaehrte-moeglicherweise-leer-aus\/","og_site_name":"\u00d6ffentlicher Notar Mag. Harald Stefan &amp; Partner Kommandit-Partnerschaft","article_modified_time":"2021-07-28T17:22:42+00:00","twitter_card":"summary_large_image","schema":{"@context":"https:\/\/schema.org","@graph":[{"@type":"WebPage","@id":"https:\/\/www.notar-stefan.at\/ohne-testament-geht-der-lebensgefaehrte-moeglicherweise-leer-aus\/","url":"https:\/\/www.notar-stefan.at\/ohne-testament-geht-der-lebensgefaehrte-moeglicherweise-leer-aus\/","name":"Ohne Testament geht der Lebensgef\u00e4hrte m\u00f6glicherweise leer aus - \u00d6ffentlicher Notar Mag. Harald Stefan &amp; Partner Kommandit-Partnerschaft","isPartOf":{"@id":"https:\/\/www.notar-stefan.at\/#website"},"datePublished":"2021-07-28T09:55:07+00:00","dateModified":"2021-07-28T17:22:42+00:00","breadcrumb":{"@id":"https:\/\/www.notar-stefan.at\/ohne-testament-geht-der-lebensgefaehrte-moeglicherweise-leer-aus\/#breadcrumb"},"inLanguage":"en-US","potentialAction":[{"@type":"ReadAction","target":["https:\/\/www.notar-stefan.at\/ohne-testament-geht-der-lebensgefaehrte-moeglicherweise-leer-aus\/"]}]},{"@type":"BreadcrumbList","@id":"https:\/\/www.notar-stefan.at\/ohne-testament-geht-der-lebensgefaehrte-moeglicherweise-leer-aus\/#breadcrumb","itemListElement":[{"@type":"ListItem","position":1,"name":"Startseite","item":"https:\/\/www.notar-stefan.at\/"},{"@type":"ListItem","position":2,"name":"Ohne Testament geht der Lebensgef\u00e4hrte m\u00f6glicherweise leer aus"}]},{"@type":"WebSite","@id":"https:\/\/www.notar-stefan.at\/#website","url":"https:\/\/www.notar-stefan.at\/","name":"\u00d6ffentlicher Notar Mag. Harald Stefan &amp; Partner Kommandit-Partnerschaft","description":"","potentialAction":[{"@type":"SearchAction","target":{"@type":"EntryPoint","urlTemplate":"https:\/\/www.notar-stefan.at\/?s={search_term_string}"},"query-input":{"@type":"PropertyValueSpecification","valueRequired":true,"valueName":"search_term_string"}}],"inLanguage":"en-US"}]}},"_links":{"self":[{"href":"https:\/\/www.notar-stefan.at\/en\/wp-json\/wp\/v2\/pages\/628","targetHints":{"allow":["GET"]}}],"collection":[{"href":"https:\/\/www.notar-stefan.at\/en\/wp-json\/wp\/v2\/pages"}],"about":[{"href":"https:\/\/www.notar-stefan.at\/en\/wp-json\/wp\/v2\/types\/page"}],"author":[{"embeddable":true,"href":"https:\/\/www.notar-stefan.at\/en\/wp-json\/wp\/v2\/users\/4"}],"replies":[{"embeddable":true,"href":"https:\/\/www.notar-stefan.at\/en\/wp-json\/wp\/v2\/comments?post=628"}],"version-history":[{"count":14,"href":"https:\/\/www.notar-stefan.at\/en\/wp-json\/wp\/v2\/pages\/628\/revisions"}],"predecessor-version":[{"id":821,"href":"https:\/\/www.notar-stefan.at\/en\/wp-json\/wp\/v2\/pages\/628\/revisions\/821"}],"wp:attachment":[{"href":"https:\/\/www.notar-stefan.at\/en\/wp-json\/wp\/v2\/media?parent=628"}],"curies":[{"name":"wp","href":"https:\/\/api.w.org\/{rel}","templated":true}]}}