{"id":631,"date":"2021-07-28T11:55:35","date_gmt":"2021-07-28T09:55:35","guid":{"rendered":"https:\/\/localhost\/wpnotarstefan\/?page_id=631"},"modified":"2021-07-28T19:25:29","modified_gmt":"2021-07-28T17:25:29","slug":"wer-gut-betreut-sein-will-muss-vorsorgen","status":"publish","type":"page","link":"https:\/\/www.notar-stefan.at\/en\/wer-gut-betreut-sein-will-muss-vorsorgen\/","title":{"rendered":"Who wants to be well cared for, must provide"},"content":{"rendered":"<div class=\"container section-title-container show-for-medium hide-for-small\" ><h3 class=\"section-title section-title-center\"><b><\/b><span class=\"section-title-main\" style=\"color:rgb(8, 100, 156);\">Who wants to be well cared for, must provide<\/span><b><\/b><\/h3><\/div>\n\n<div class=\"container section-title-container show-for-small\" ><h3 class=\"section-title section-title-center\"><b><\/b><span class=\"section-title-main\" style=\"color:rgb(8, 100, 156);\">Who wants to be well cared for, must provide<\/span><b><\/b><\/h3><\/div>\n\n\n  <div class=\"banner has-hover hide-for-medium\" id=\"banner-1141512581\">\n          <div class=\"banner-inner fill\">\n        <div class=\"banner-bg fill\" >\n            <div class=\"bg fill bg-fill\"><\/div>\n                                    \n                    <\/div>\n        <div class=\"banner-layers container\">\n            <div class=\"fill banner-link\"><\/div>            \n\n   <div id=\"text-box-311242320\" class=\"text-box banner-layer x100 md-x100 lg-x100 y0 md-y0 lg-y0 res-text\">\n                                <div class=\"text-box-content text dark\">\n              \n              <div class=\"text-inner text-center\">\n                  \n\n\t<div id=\"text-2556457625\" class=\"text\">\n\t\t\n\n<h4>Who wants to be well cared for, must provide<\/h4>\n\t\t\n<style>\n#text-2556457625 {\n  font-size: 0.9rem;\n  line-height: 1.05;\n  text-align: left;\n  color: rgb(8, 100, 156);\n}\n#text-2556457625 > * {\n  color: rgb(8, 100, 156);\n}\n<\/style>\n\t<\/div>\n\t\n\t<div id=\"text-1718237252\" class=\"text\">\n\t\t\n\n<p style=\"text-align: left;\"><em>12 October 2017 \/ <\/em><em>Mag. Markus PEIER<\/em><\/p>\n\t\t\n<style>\n#text-1718237252 {\n  font-size: 0.75rem;\n  color: rgba(0, 0, 0, 0.372);\n}\n#text-1718237252 > * {\n  color: rgba(0, 0, 0, 0.372);\n}\n<\/style>\n\t<\/div>\n\t\n\t<div id=\"text-1718567201\" class=\"text\">\n\t\t\n\n<p class=\"entry-p\">The law states that if a person of full age who is suffering from a mental illness or is mentally handicapped is unable to take care of all or some of his affairs without risk of harm to himself, he shall, at his request or on his own initiative, appoint a trustee. If you wish to provide for this situation, it is possible to issue an order of trusteeship or a power of attorney before loss of business capacity. In the case of a non-custodial order, you name a suitable person whom you want the court to appoint as your non-custodial agent, or you name persons whom you do not want to be appointed as your non-custodial agent.<\/p>\n<p>With the power of attorney you can select one or more persons to represent you in the event of a pension (i. e. to decide and act on your behalf).<\/p>\n\t\t\n<style>\n#text-1718567201 {\n  text-align: left;\n  color: rgb(0,0,0);\n}\n#text-1718567201 > * {\n  color: rgb(0,0,0);\n}\n<\/style>\n\t<\/div>\n\t\n\n              <\/div>\n           <\/div>\n                            \n<style>\n#text-box-311242320 {\n  width: 58%;\n}\n#text-box-311242320 .text-box-content {\n  font-size: 100%;\n}\n<\/style>\n    <\/div>\n \n   <div id=\"text-box-1570817792\" class=\"text-box banner-layer x0 md-x0 lg-x0 y0 md-y0 lg-y0 res-text\">\n                                <div class=\"text-box-content text dark\">\n              \n              <div class=\"text-inner text-center\">\n                  \n\n\t<div class=\"img has-hover x md-x lg-x y md-y lg-y\" id=\"image_1865695999\">\n\t\t\t\t\t\t\t\t<div class=\"img-inner dark\" >\n\t\t\t<img loading=\"lazy\" decoding=\"async\" width=\"329\" height=\"237\" src=\"https:\/\/www.notar-stefan.at\/wp-content\/uploads\/2021\/07\/wq.png\" class=\"attachment-large size-large\" alt=\"\" \/>\t\t\t\t\t\t\n\t\t\t\t\t<\/div>\n\t\t\t\t\t\t\t\t\n<style>\n#image_1865695999 {\n  width: 100%;\n}\n<\/style>\n\t<\/div>\n\t\n\n\n              <\/div>\n           <\/div>\n                            \n<style>\n#text-box-1570817792 .text-inner {\n  padding: 15px 0px 1px 0px;\n}\n#text-box-1570817792 {\n  width: 41%;\n}\n#text-box-1570817792 .text-box-content {\n  font-size: 100%;\n}\n<\/style>\n    <\/div>\n \n   <div id=\"text-box-581661882\" class=\"text-box banner-layer x0 md-x0 lg-x0 y95 md-y95 lg-y95 res-text\">\n                                <div class=\"text-box-content text dark\">\n              \n              <div class=\"text-inner text-center\">\n                  \n\n\t<div id=\"text-1256934324\" class=\"text\">\n\t\t\n\n<p style=\"text-align: left;\">Since the authorised representative, unlike the administrator, is not subject to the control of the court, only persons of absolute trust should be authorised. They may also authorise several persons to control each other.<\/p>\n\t\t\n<style>\n#text-1256934324 {\n  color: rgb(0,0,0);\n}\n#text-1256934324 > * {\n  color: rgb(0,0,0);\n}\n<\/style>\n\t<\/div>\n\t\n\n              <\/div>\n           <\/div>\n                            \n<style>\n#text-box-581661882 {\n  width: 100%;\n}\n#text-box-581661882 .text-box-content {\n  font-size: 100%;\n}\n<\/style>\n    <\/div>\n \n\n        <\/div>\n      <\/div>\n\n            \n<style>\n#banner-1141512581 {\n  padding-top: 41%;\n  background-color: rgb(233, 233, 233);\n}\n<\/style>\n  <\/div>\n\n\n\t<div id=\"gap-855963551\" class=\"gap-element clearfix hide-for-medium\" style=\"display:block; height:auto;\">\n\t\t\n<style>\n#gap-855963551 {\n  padding-top: 205px;\n}\n<\/style>\n\t<\/div>\n\t\n\n<div class=\"row show-for-small\"  id=\"row-1057014965\">\n\n\n\t<div id=\"col-872197425\" class=\"col medium-6 small-12 large-6\"  >\n\t\t<div class=\"col-inner\"  >\n\t\t\t\n\t\t\t\n\n\t<div class=\"img has-hover x md-x lg-x y md-y lg-y\" id=\"image_43463213\">\n\t\t\t\t\t\t\t\t<div class=\"img-inner dark\" >\n\t\t\t<img loading=\"lazy\" decoding=\"async\" width=\"329\" height=\"237\" src=\"https:\/\/www.notar-stefan.at\/wp-content\/uploads\/2021\/07\/wq.png\" class=\"attachment-medium size-medium\" alt=\"\" \/>\t\t\t\t\t\t\n\t\t\t\t\t<\/div>\n\t\t\t\t\t\t\t\t\n<style>\n#image_43463213 {\n  width: 100%;\n}\n<\/style>\n\t<\/div>\n\t\n\n\n\t\t<\/div>\n\t\t\t<\/div>\n\n\t\n\n\t<div id=\"col-249726851\" class=\"col medium-6 small-12 large-6\"  >\n\t\t<div class=\"col-inner\"  >\n\t\t\t\n\t\t\t\n\n<p><strong><em>12 October 2017 \/ <\/em><\/strong><strong><em>Mag. Markus PEIER<\/em><\/strong><\/p>\n<p>The law states that if a person of full age who is suffering from a mental illness or is mentally handicapped is unable to take care of all or some of his affairs without risk of harm to himself, he shall, at his request or on his own initiative, appoint a trustee. If you wish to provide for this situation, it is possible to issue an order of trusteeship or a power of attorney before loss of business capacity. In the case of a non-custodial order, you name a suitable person whom you want the court to appoint as your non-custodial agent, or you name persons whom you do not want to be appointed as your non-custodial agent.<br \/><br \/>Mit der Vorsorgevollmacht k\u00f6nnen Sie eine oder mehrere Personen ausw\u00e4hlen, die Sie im Vorsorgefall vertritt\/vertreten (also f\u00fcr Sie entscheidet und handelt). Da der Vorsorgebevollm\u00e4chtige anders als der Sachwalter vom Gericht nicht kontrolliert wird, sollten nur absolute Vertrauenspersonen bevollm\u00e4chtigt werden. Sie k\u00f6nnen auch mehrere Personen bevollm\u00e4chtigen, die sich gegenseitig kontrollieren.<\/p>\n\n\t\t<\/div>\n\t\t\t<\/div>\n\n\t\n\n<\/div>\n<div class=\"row show-for-medium hide-for-small\"  id=\"row-920116147\">\n\n\n\t<div id=\"col-1817579674\" class=\"col medium-6 small-12 large-6\"  >\n\t\t<div class=\"col-inner\"  >\n\t\t\t\n\t\t\t\n\n\t<div class=\"img has-hover x md-x lg-x y md-y lg-y\" id=\"image_749669796\">\n\t\t\t\t\t\t\t\t<div class=\"img-inner dark\" >\n\t\t\t<img loading=\"lazy\" decoding=\"async\" width=\"329\" height=\"237\" src=\"https:\/\/www.notar-stefan.at\/wp-content\/uploads\/2021\/07\/wq.png\" class=\"attachment-medium size-medium\" alt=\"\" \/>\t\t\t\t\t\t\n\t\t\t\t\t<\/div>\n\t\t\t\t\t\t\t\t\n<style>\n#image_749669796 {\n  width: 100%;\n}\n<\/style>\n\t<\/div>\n\t\n\n\n\t\t<\/div>\n\t\t\t<\/div>\n\n\t\n\n\t<div id=\"col-1829242130\" class=\"col medium-6 small-12 large-6\"  >\n\t\t<div class=\"col-inner\"  >\n\t\t\t\n\t\t\t\n\n<p><strong><em>12 October 2017 \/ <\/em><\/strong><strong><em>Mag. Markus PEIER<\/em><\/strong><\/p>\n<p>The law states that if a person of full age who is suffering from a mental illness or is mentally handicapped is unable to take care of all or some of his affairs without risk of harm to himself, he shall, at his request or on his own initiative, appoint a trustee. If you wish to provide for this situation, it is possible to issue an order of trusteeship or a power of attorney before loss of business capacity. In the case of a non-custodial order, you name a suitable person whom you want the court to appoint as your non-custodial agent, or you name persons whom you do not want to be appointed as your non-custodial agent.<br \/><br \/>Mit der Vorsorgevollmacht k\u00f6nnen Sie eine oder mehrere Personen ausw\u00e4hlen, die Sie im Vorsorgefall vertritt\/vertreten (also f\u00fcr Sie entscheidet und handelt). Da der Vorsorgebevollm\u00e4chtige anders als der Sachwalter vom Gericht nicht kontrolliert wird, sollten nur absolute Vertrauenspersonen bevollm\u00e4chtigt werden. Sie k\u00f6nnen auch mehrere Personen bevollm\u00e4chtigen, die sich gegenseitig kontrollieren.<\/p>\n\n\t\t<\/div>\n\t\t\t<\/div>\n\n\t\n\n<\/div>","protected":false},"excerpt":{"rendered":"","protected":false},"author":4,"featured_media":0,"parent":0,"menu_order":0,"comment_status":"closed","ping_status":"closed","template":"","meta":{"footnotes":""},"class_list":["post-631","page","type-page","status-publish","hentry"],"yoast_head":"<!-- This site is optimized with the Yoast SEO plugin v27.4 - https:\/\/yoast.com\/product\/yoast-seo-wordpress\/ -->\n<title>Wer gut betreut sein will, muss vorsorgen - \u00d6ffentlicher Notar Mag. Harald Stefan &amp; Partner Kommandit-Partnerschaft<\/title>\n<meta name=\"robots\" content=\"index, follow, max-snippet:-1, max-image-preview:large, max-video-preview:-1\" \/>\n<link rel=\"canonical\" href=\"https:\/\/www.notar-stefan.at\/en\/wer-gut-betreut-sein-will-muss-vorsorgen\/\" \/>\n<meta property=\"og:locale\" content=\"en_US\" \/>\n<meta property=\"og:type\" content=\"article\" \/>\n<meta property=\"og:title\" content=\"Wer gut betreut sein will, muss vorsorgen - \u00d6ffentlicher Notar Mag. Harald Stefan &amp; Partner Kommandit-Partnerschaft\" \/>\n<meta property=\"og:url\" content=\"https:\/\/www.notar-stefan.at\/en\/wer-gut-betreut-sein-will-muss-vorsorgen\/\" \/>\n<meta property=\"og:site_name\" content=\"\u00d6ffentlicher Notar Mag. Harald Stefan &amp; Partner Kommandit-Partnerschaft\" \/>\n<meta property=\"article:modified_time\" content=\"2021-07-28T17:25:29+00:00\" \/>\n<meta name=\"twitter:card\" content=\"summary_large_image\" \/>\n<meta name=\"twitter:label1\" content=\"Est. reading time\" \/>\n\t<meta name=\"twitter:data1\" content=\"3 minutes\" \/>\n<script type=\"application\/ld+json\" class=\"yoast-schema-graph\">{\"@context\":\"https:\\\/\\\/schema.org\",\"@graph\":[{\"@type\":\"WebPage\",\"@id\":\"https:\\\/\\\/www.notar-stefan.at\\\/wer-gut-betreut-sein-will-muss-vorsorgen\\\/\",\"url\":\"https:\\\/\\\/www.notar-stefan.at\\\/wer-gut-betreut-sein-will-muss-vorsorgen\\\/\",\"name\":\"Wer gut betreut sein will, muss vorsorgen - \u00d6ffentlicher Notar Mag. Harald Stefan &amp; Partner Kommandit-Partnerschaft\",\"isPartOf\":{\"@id\":\"https:\\\/\\\/www.notar-stefan.at\\\/#website\"},\"datePublished\":\"2021-07-28T09:55:35+00:00\",\"dateModified\":\"2021-07-28T17:25:29+00:00\",\"breadcrumb\":{\"@id\":\"https:\\\/\\\/www.notar-stefan.at\\\/wer-gut-betreut-sein-will-muss-vorsorgen\\\/#breadcrumb\"},\"inLanguage\":\"en-US\",\"potentialAction\":[{\"@type\":\"ReadAction\",\"target\":[\"https:\\\/\\\/www.notar-stefan.at\\\/wer-gut-betreut-sein-will-muss-vorsorgen\\\/\"]}]},{\"@type\":\"BreadcrumbList\",\"@id\":\"https:\\\/\\\/www.notar-stefan.at\\\/wer-gut-betreut-sein-will-muss-vorsorgen\\\/#breadcrumb\",\"itemListElement\":[{\"@type\":\"ListItem\",\"position\":1,\"name\":\"Startseite\",\"item\":\"https:\\\/\\\/www.notar-stefan.at\\\/\"},{\"@type\":\"ListItem\",\"position\":2,\"name\":\"Wer gut betreut sein will, muss vorsorgen\"}]},{\"@type\":\"WebSite\",\"@id\":\"https:\\\/\\\/www.notar-stefan.at\\\/#website\",\"url\":\"https:\\\/\\\/www.notar-stefan.at\\\/\",\"name\":\"\u00d6ffentlicher Notar Mag. Harald Stefan &amp; Partner Kommandit-Partnerschaft\",\"description\":\"\",\"potentialAction\":[{\"@type\":\"SearchAction\",\"target\":{\"@type\":\"EntryPoint\",\"urlTemplate\":\"https:\\\/\\\/www.notar-stefan.at\\\/?s={search_term_string}\"},\"query-input\":{\"@type\":\"PropertyValueSpecification\",\"valueRequired\":true,\"valueName\":\"search_term_string\"}}],\"inLanguage\":\"en-US\"}]}<\/script>\n<!-- \/ Yoast SEO plugin. -->","yoast_head_json":{"title":"Wer gut betreut sein will, muss vorsorgen - \u00d6ffentlicher Notar Mag. Harald Stefan &amp; Partner Kommandit-Partnerschaft","robots":{"index":"index","follow":"follow","max-snippet":"max-snippet:-1","max-image-preview":"max-image-preview:large","max-video-preview":"max-video-preview:-1"},"canonical":"https:\/\/www.notar-stefan.at\/en\/wer-gut-betreut-sein-will-muss-vorsorgen\/","og_locale":"en_US","og_type":"article","og_title":"Wer gut betreut sein will, muss vorsorgen - \u00d6ffentlicher Notar Mag. Harald Stefan &amp; Partner Kommandit-Partnerschaft","og_url":"https:\/\/www.notar-stefan.at\/en\/wer-gut-betreut-sein-will-muss-vorsorgen\/","og_site_name":"\u00d6ffentlicher Notar Mag. Harald Stefan &amp; Partner Kommandit-Partnerschaft","article_modified_time":"2021-07-28T17:25:29+00:00","twitter_card":"summary_large_image","twitter_misc":{"Est. reading time":"3 minutes"},"schema":{"@context":"https:\/\/schema.org","@graph":[{"@type":"WebPage","@id":"https:\/\/www.notar-stefan.at\/wer-gut-betreut-sein-will-muss-vorsorgen\/","url":"https:\/\/www.notar-stefan.at\/wer-gut-betreut-sein-will-muss-vorsorgen\/","name":"Wer gut betreut sein will, muss vorsorgen - \u00d6ffentlicher Notar Mag. Harald Stefan &amp; Partner Kommandit-Partnerschaft","isPartOf":{"@id":"https:\/\/www.notar-stefan.at\/#website"},"datePublished":"2021-07-28T09:55:35+00:00","dateModified":"2021-07-28T17:25:29+00:00","breadcrumb":{"@id":"https:\/\/www.notar-stefan.at\/wer-gut-betreut-sein-will-muss-vorsorgen\/#breadcrumb"},"inLanguage":"en-US","potentialAction":[{"@type":"ReadAction","target":["https:\/\/www.notar-stefan.at\/wer-gut-betreut-sein-will-muss-vorsorgen\/"]}]},{"@type":"BreadcrumbList","@id":"https:\/\/www.notar-stefan.at\/wer-gut-betreut-sein-will-muss-vorsorgen\/#breadcrumb","itemListElement":[{"@type":"ListItem","position":1,"name":"Startseite","item":"https:\/\/www.notar-stefan.at\/"},{"@type":"ListItem","position":2,"name":"Wer gut betreut sein will, muss vorsorgen"}]},{"@type":"WebSite","@id":"https:\/\/www.notar-stefan.at\/#website","url":"https:\/\/www.notar-stefan.at\/","name":"\u00d6ffentlicher Notar Mag. Harald Stefan &amp; Partner Kommandit-Partnerschaft","description":"","potentialAction":[{"@type":"SearchAction","target":{"@type":"EntryPoint","urlTemplate":"https:\/\/www.notar-stefan.at\/?s={search_term_string}"},"query-input":{"@type":"PropertyValueSpecification","valueRequired":true,"valueName":"search_term_string"}}],"inLanguage":"en-US"}]}},"_links":{"self":[{"href":"https:\/\/www.notar-stefan.at\/en\/wp-json\/wp\/v2\/pages\/631","targetHints":{"allow":["GET"]}}],"collection":[{"href":"https:\/\/www.notar-stefan.at\/en\/wp-json\/wp\/v2\/pages"}],"about":[{"href":"https:\/\/www.notar-stefan.at\/en\/wp-json\/wp\/v2\/types\/page"}],"author":[{"embeddable":true,"href":"https:\/\/www.notar-stefan.at\/en\/wp-json\/wp\/v2\/users\/4"}],"replies":[{"embeddable":true,"href":"https:\/\/www.notar-stefan.at\/en\/wp-json\/wp\/v2\/comments?post=631"}],"version-history":[{"count":10,"href":"https:\/\/www.notar-stefan.at\/en\/wp-json\/wp\/v2\/pages\/631\/revisions"}],"predecessor-version":[{"id":825,"href":"https:\/\/www.notar-stefan.at\/en\/wp-json\/wp\/v2\/pages\/631\/revisions\/825"}],"wp:attachment":[{"href":"https:\/\/www.notar-stefan.at\/en\/wp-json\/wp\/v2\/media?parent=631"}],"curies":[{"name":"wp","href":"https:\/\/api.w.org\/{rel}","templated":true}]}}