{"id":856,"date":"2021-07-28T21:45:27","date_gmt":"2021-07-28T19:45:27","guid":{"rendered":"https:\/\/localhost\/wpnotarstefan\/?page_id=856"},"modified":"2021-07-28T21:57:25","modified_gmt":"2021-07-28T19:57:25","slug":"buchrezensionen","status":"publish","type":"page","link":"https:\/\/www.notar-stefan.at\/en\/buchrezensionen\/","title":{"rendered":"Book reviews"},"content":{"rendered":"<div class=\"container section-title-container\" ><h3 class=\"section-title section-title-center\"><b><\/b><span class=\"section-title-main\" >Book reviews<\/span><b><\/b><\/h3><\/div>\n\n<div class=\"row row-dashed\"  id=\"row-106160263\">\n\n\n\t<div id=\"col-859010225\" class=\"col medium-6 small-12 large-6\"  >\n\t\t<div class=\"col-inner\"  >\n\t\t\t\n\t\t\t\n\n<div class=\"container section-title-container\" ><h4 class=\"section-title section-title-center\"><b><\/b><span class=\"section-title-main\" >Geistiges Eigentum Be nice to your ideas<\/span><b><\/b><\/h4><\/div>\n\n\n  <div class=\"banner has-hover\" id=\"banner-302726408\">\n          <div class=\"banner-inner fill\">\n        <div class=\"banner-bg fill\" >\n            <div class=\"bg fill bg-fill\"><\/div>\n                                    \n                    <\/div>\n        <div class=\"banner-layers container\">\n            <div class=\"fill banner-link\"><\/div>            \n\n   <div id=\"text-box-840638448\" class=\"text-box banner-layer x50 md-x50 lg-x50 y50 md-y50 lg-y50 res-text\">\n                                <div class=\"text-box-content text dark\">\n              \n              <div class=\"text-inner text-center\">\n                  \n\n\t<div class=\"img has-hover x md-x lg-x y md-y lg-y\" id=\"image_2046046358\">\n\t\t<a class=\"\" href=\"https:\/\/shop.manz.at\/shop\/products\/9783214012564\"  >\t\t\t\t\t\t<div class=\"img-inner dark\" >\n\t\t\t<img loading=\"lazy\" decoding=\"async\" width=\"333\" height=\"499\" src=\"https:\/\/www.notar-stefan.at\/wp-content\/uploads\/2021\/07\/41dRv4WL._SX331_BO1204203200_.jpg\" class=\"attachment-large size-large\" alt=\"\" srcset=\"https:\/\/www.notar-stefan.at\/wp-content\/uploads\/2021\/07\/41dRv4WL._SX331_BO1204203200_.jpg 333w, https:\/\/www.notar-stefan.at\/wp-content\/uploads\/2021\/07\/41dRv4WL._SX331_BO1204203200_-267x400.jpg 267w\" sizes=\"auto, (max-width: 333px) 100vw, 333px\" \/>\t\t\t\t\t\t\n\t\t\t\t\t<\/div>\n\t\t\t\t\t\t<\/a>\t\t\n<style>\n#image_2046046358 {\n  width: 26%;\n}\n<\/style>\n\t<\/div>\n\t\n\n\n              <\/div>\n           <\/div>\n                            \n<style>\n#text-box-840638448 {\n  width: 100%;\n}\n#text-box-840638448 .text-box-content {\n  font-size: 100%;\n}\n<\/style>\n    <\/div>\n \n\n        <\/div>\n      <\/div>\n\n            \n<style>\n#banner-302726408 {\n  padding-top: 51%;\n  background-color: rgb(233, 233, 233);\n}\n<\/style>\n  <\/div>\n\n\n<p>In lockerer Sprache, nicht sklavisch am Gesetzeswortlaut verhaftet und vor allem besonders unterhaltsam f\u00fchrt Prof. Dr. Guido Kucsko in seinem neuen Buch \u201eGeistiges Eigentum\u201c seine Leser durch das Immaterialg\u00fcterrecht.<br \/><br \/>Das Werk hebt sich nicht nur durch den f\u00fcr ein juristisches Werk ungew\u00f6hnlich entspannten Stil von anderer juristischer Literatur ab, sondern auch durch die ansprechende, innovative Aufmachung. Es geht dem Autor ums Gro\u00dfe und Ganze, wobei dabei auf wichtige Details nicht vergessen wird.<br \/><br \/>In einem ausf\u00fchrlichen Intro werden das System und die Grundlagen dieser aktuellen und &#8211; vor allem aufgrund des Internets \u2013 in seiner Bedeutung stetig wachsenden Thematik erkl\u00e4rt und so dem Leser ein niederschwelliger Zugang zu dieser Materie gew\u00e4hrt.<br \/><br \/>Nach einer Auflistung der Rechtsgrundlagen geht der Autor sodann n\u00e4her auf die Rechtsgebiete Markenrecht, Musterrecht, Patent- und Urheberrecht ein. Eine Einf\u00fchrung steht am Beginn eines jeden Kapitels. In kompakter Form und mit Beispielen versehen, werden die einzelnen Rechtsgebiete dargestellt. Ein Stichwortverzeichnis hilft beim schnellen Auffinden von Gesuchtem.<br \/><br \/>Das vorgestellte Werk stellt einen anregenden Einstieg in die Materie dar. Wer einen tiefer gehenden Einblick in das Immaterialg\u00fcterrecht gewinnen m\u00f6chte, sollte hingegen zu einem der einschl\u00e4gigen Kommentare greifen. Dazu sei angemerkt, dass f\u00fcr das Jahr 2018 das Erscheinen der umfassenden, deutlich mehr als tausend Seiten aufweisenden Neuerscheinung des Kommentars desselben Autors unter dem Titel \u201eGeistiges Eigentum\u201c vorgesehen ist.<br \/>(mp, 22. 1. 2018)<\/p>\n<a href=\"https:\/\/shop.manz.at\/shop\/products\/9783214012564\" target=\"_self\" class=\"button primary\"  >\n    <span>Dieses Buch bei Manz.at<\/span>\n  <\/a>\n\n\n<a href=\"https:\/\/www.amazon.de\/Geistiges-Eigentum-nice-your-ideas\/dp\/3214012568\/ref=sr_1_2?ie=UTF8&#038;qid=1516610450&#038;sr=8-2&#038;keywords=geistiges+Eigentum\" target=\"_self\" class=\"button primary\"  >\n    <span>Dieses Buch bei Amazon.de<\/span>\n  <\/a>\n\n\n\n\t\t<\/div>\n\t\t\t<\/div>\n\n\t\n\n\t<div id=\"col-67489626\" class=\"col medium-6 small-12 large-6\"  >\n\t\t<div class=\"col-inner\"  >\n\t\t\t\n\t\t\t\n\n<div class=\"container section-title-container\" ><h4 class=\"section-title section-title-center\"><b><\/b><span class=\"section-title-main\" >Legal classification of Internet currencies in the German legal system using the example of Bitcoin<\/span><b><\/b><\/h4><\/div>\n\n\n  <div class=\"banner has-hover\" id=\"banner-1397549817\">\n          <div class=\"banner-inner fill\">\n        <div class=\"banner-bg fill\" >\n            <div class=\"bg fill bg-fill\"><\/div>\n                                    \n                    <\/div>\n        <div class=\"banner-layers container\">\n            <div class=\"fill banner-link\"><\/div>            \n\n   <div id=\"text-box-381153316\" class=\"text-box banner-layer x50 md-x50 lg-x50 y0 md-y0 lg-y0 res-text\">\n                                <div class=\"text-box-content text dark\">\n              \n              <div class=\"text-inner text-center\">\n                  \n\n\t<div class=\"img has-hover x md-x lg-x y md-y lg-y\" id=\"image_384751358\">\n\t\t<a class=\"\" href=\"https:\/\/www.amazon.de\/Internetw%C3%A4hrungen-Rechtssystem-Wirtschafts-Urheberrecht-Immaterialg%C3%BCterrecht\/dp\/3631698100\/ref=sr_1_1?ie=UTF8&qid=1513539199&sr=8-1&keywords=Rechtliche+Einordnung+von+Internetw%C3%A4hrungen+im+deutschen+Rechtssystem+am+Beispiel+von+Bitcoin\"  >\t\t\t\t\t\t<div class=\"img-inner dark\" >\n\t\t\t<img loading=\"lazy\" decoding=\"async\" width=\"331\" height=\"499\" src=\"https:\/\/www.notar-stefan.at\/wp-content\/uploads\/2021\/07\/4118keRfRlL._SX329_BO1204203200_.jpg\" class=\"attachment-large size-large\" alt=\"\" srcset=\"https:\/\/www.notar-stefan.at\/wp-content\/uploads\/2021\/07\/4118keRfRlL._SX329_BO1204203200_.jpg 331w, https:\/\/www.notar-stefan.at\/wp-content\/uploads\/2021\/07\/4118keRfRlL._SX329_BO1204203200_-265x400.jpg 265w\" sizes=\"auto, (max-width: 331px) 100vw, 331px\" \/>\t\t\t\t\t\t\n\t\t\t\t\t<\/div>\n\t\t\t\t\t\t<\/a>\t\t\n<style>\n#image_384751358 {\n  width: 26%;\n}\n<\/style>\n\t<\/div>\n\t\n\n\n              <\/div>\n           <\/div>\n                            \n<style>\n#text-box-381153316 {\n  width: 100%;\n}\n#text-box-381153316 .text-box-content {\n  font-size: 100%;\n}\n<\/style>\n    <\/div>\n \n\n        <\/div>\n      <\/div>\n\n            \n<style>\n#banner-1397549817 {\n  padding-top: 45%;\n  background-color: rgb(233, 233, 233);\n}\n<\/style>\n  <\/div>\n\n\n<p>Vor allem aufgrund rasanter Wertzuw\u00e4chse in den letzten Monaten ist der Begriff Bitcoin in der Mitte der Gesellschaft angekommen. Tagt\u00e4glich berichten Zeitungen von Wertschwankungen sowie \u00fcber die Gefahren und Chancen dieser Internetw\u00e4hrung.<br \/><br \/>Trotz ihrer zwischenzeitlich erheblich gestiegenen wirtschaftlichen Relevanz sind Kryptow\u00e4hrungen bisher aus rechtlicher Sicht aber kaum umfassend untersucht worden. Mit der Dissertationsschrift \u201eRechtliche Einordnung von Internetw\u00e4hrungen im deutschen Rechtssystem am Beispiel von Bitcoin\u201c hat Merih Erdem K\u00fct\u00fck-Markendorf ein Werk vorgelegt, das sich dieser Untersuchung widmet.<br \/><br \/>Die rechtliche Einordnung von Kryptow\u00e4hrungen wie Bitcoin setzt das technische Verst\u00e4ndnis dieser Materie voraus. Dies ber\u00fccksichtigend, werden in der Schrift zun\u00e4chst die Funktionsweise des Bitcoin-Systems beschrieben und einschl\u00e4gige Begriffe gekl\u00e4rt, bevor die Rechtsnatur desselben eingehend untersucht wird.<br \/><br \/>Das Buch behandelt das deutsche Recht, stellt aber nichtsdestotrotz auch f\u00fcr den \u00f6sterreichischen Markt als Leitfaden f\u00fcr k\u00fcnftige Untersuchungen und als Zugangshilfe zu diesem Thema eine solide Grundlage dar.<br \/>(mp, 3. 12. 2017)<\/p>\n<a href=\"https:\/\/www.amazon.de\/Internetw%C3%A4hrungen-Rechtssystem-Wirtschafts-Urheberrecht-Immaterialg%C3%BCterrecht\/dp\/3631698100\/ref=sr_1_1?ie=UTF8&#038;qid=1513539199&#038;sr=8-1&#038;keywords=Rechtliche+Einordnung+von+Internetw%C3%A4hrungen+im+deutschen+Rechtssystem+am+Beispiel+von+Bitcoin\" target=\"_self\" class=\"button primary\"  >\n    <span>Dieses Buch bei Amazon.de<\/span>\n  <\/a>\n\n\n\n\t\t<\/div>\n\t\t\t<\/div>\n\n\t\n\n<\/div>","protected":false},"excerpt":{"rendered":"","protected":false},"author":4,"featured_media":0,"parent":0,"menu_order":0,"comment_status":"closed","ping_status":"closed","template":"","meta":{"footnotes":""},"class_list":["post-856","page","type-page","status-publish","hentry"],"yoast_head":"<!-- This site is optimized with the Yoast SEO plugin v27.5 - https:\/\/yoast.com\/product\/yoast-seo-wordpress\/ -->\n<title>Buchrezensionen - \u00d6ffentlicher Notar Mag. Harald Stefan &amp; Partner Kommandit-Partnerschaft<\/title>\n<meta name=\"robots\" content=\"index, follow, max-snippet:-1, max-image-preview:large, max-video-preview:-1\" \/>\n<link rel=\"canonical\" href=\"https:\/\/www.notar-stefan.at\/en\/buchrezensionen\/\" \/>\n<meta property=\"og:locale\" content=\"en_US\" \/>\n<meta property=\"og:type\" content=\"article\" \/>\n<meta property=\"og:title\" content=\"Buchrezensionen - \u00d6ffentlicher Notar Mag. Harald Stefan &amp; Partner Kommandit-Partnerschaft\" \/>\n<meta property=\"og:url\" content=\"https:\/\/www.notar-stefan.at\/en\/buchrezensionen\/\" \/>\n<meta property=\"og:site_name\" content=\"\u00d6ffentlicher Notar Mag. Harald Stefan &amp; Partner Kommandit-Partnerschaft\" \/>\n<meta property=\"article:modified_time\" content=\"2021-07-28T19:57:25+00:00\" \/>\n<meta name=\"twitter:card\" content=\"summary_large_image\" \/>\n<script type=\"application\/ld+json\" class=\"yoast-schema-graph\">{\"@context\":\"https:\\\/\\\/schema.org\",\"@graph\":[{\"@type\":\"WebPage\",\"@id\":\"https:\\\/\\\/www.notar-stefan.at\\\/buchrezensionen\\\/\",\"url\":\"https:\\\/\\\/www.notar-stefan.at\\\/buchrezensionen\\\/\",\"name\":\"Buchrezensionen - \u00d6ffentlicher Notar Mag. Harald Stefan &amp; Partner Kommandit-Partnerschaft\",\"isPartOf\":{\"@id\":\"https:\\\/\\\/www.notar-stefan.at\\\/#website\"},\"datePublished\":\"2021-07-28T19:45:27+00:00\",\"dateModified\":\"2021-07-28T19:57:25+00:00\",\"breadcrumb\":{\"@id\":\"https:\\\/\\\/www.notar-stefan.at\\\/buchrezensionen\\\/#breadcrumb\"},\"inLanguage\":\"en-US\",\"potentialAction\":[{\"@type\":\"ReadAction\",\"target\":[\"https:\\\/\\\/www.notar-stefan.at\\\/buchrezensionen\\\/\"]}]},{\"@type\":\"BreadcrumbList\",\"@id\":\"https:\\\/\\\/www.notar-stefan.at\\\/buchrezensionen\\\/#breadcrumb\",\"itemListElement\":[{\"@type\":\"ListItem\",\"position\":1,\"name\":\"Startseite\",\"item\":\"https:\\\/\\\/www.notar-stefan.at\\\/\"},{\"@type\":\"ListItem\",\"position\":2,\"name\":\"Buchrezensionen\"}]},{\"@type\":\"WebSite\",\"@id\":\"https:\\\/\\\/www.notar-stefan.at\\\/#website\",\"url\":\"https:\\\/\\\/www.notar-stefan.at\\\/\",\"name\":\"\u00d6ffentlicher Notar Mag. Harald Stefan &amp; Partner Kommandit-Partnerschaft\",\"description\":\"\",\"potentialAction\":[{\"@type\":\"SearchAction\",\"target\":{\"@type\":\"EntryPoint\",\"urlTemplate\":\"https:\\\/\\\/www.notar-stefan.at\\\/?s={search_term_string}\"},\"query-input\":{\"@type\":\"PropertyValueSpecification\",\"valueRequired\":true,\"valueName\":\"search_term_string\"}}],\"inLanguage\":\"en-US\"}]}<\/script>\n<!-- \/ Yoast SEO plugin. -->","yoast_head_json":{"title":"Buchrezensionen - \u00d6ffentlicher Notar Mag. Harald Stefan &amp; Partner Kommandit-Partnerschaft","robots":{"index":"index","follow":"follow","max-snippet":"max-snippet:-1","max-image-preview":"max-image-preview:large","max-video-preview":"max-video-preview:-1"},"canonical":"https:\/\/www.notar-stefan.at\/en\/buchrezensionen\/","og_locale":"en_US","og_type":"article","og_title":"Buchrezensionen - \u00d6ffentlicher Notar Mag. Harald Stefan &amp; Partner Kommandit-Partnerschaft","og_url":"https:\/\/www.notar-stefan.at\/en\/buchrezensionen\/","og_site_name":"\u00d6ffentlicher Notar Mag. Harald Stefan &amp; Partner Kommandit-Partnerschaft","article_modified_time":"2021-07-28T19:57:25+00:00","twitter_card":"summary_large_image","schema":{"@context":"https:\/\/schema.org","@graph":[{"@type":"WebPage","@id":"https:\/\/www.notar-stefan.at\/buchrezensionen\/","url":"https:\/\/www.notar-stefan.at\/buchrezensionen\/","name":"Buchrezensionen - \u00d6ffentlicher Notar Mag. Harald Stefan &amp; Partner Kommandit-Partnerschaft","isPartOf":{"@id":"https:\/\/www.notar-stefan.at\/#website"},"datePublished":"2021-07-28T19:45:27+00:00","dateModified":"2021-07-28T19:57:25+00:00","breadcrumb":{"@id":"https:\/\/www.notar-stefan.at\/buchrezensionen\/#breadcrumb"},"inLanguage":"en-US","potentialAction":[{"@type":"ReadAction","target":["https:\/\/www.notar-stefan.at\/buchrezensionen\/"]}]},{"@type":"BreadcrumbList","@id":"https:\/\/www.notar-stefan.at\/buchrezensionen\/#breadcrumb","itemListElement":[{"@type":"ListItem","position":1,"name":"Startseite","item":"https:\/\/www.notar-stefan.at\/"},{"@type":"ListItem","position":2,"name":"Buchrezensionen"}]},{"@type":"WebSite","@id":"https:\/\/www.notar-stefan.at\/#website","url":"https:\/\/www.notar-stefan.at\/","name":"\u00d6ffentlicher Notar Mag. Harald Stefan &amp; Partner Kommandit-Partnerschaft","description":"","potentialAction":[{"@type":"SearchAction","target":{"@type":"EntryPoint","urlTemplate":"https:\/\/www.notar-stefan.at\/?s={search_term_string}"},"query-input":{"@type":"PropertyValueSpecification","valueRequired":true,"valueName":"search_term_string"}}],"inLanguage":"en-US"}]}},"_links":{"self":[{"href":"https:\/\/www.notar-stefan.at\/en\/wp-json\/wp\/v2\/pages\/856","targetHints":{"allow":["GET"]}}],"collection":[{"href":"https:\/\/www.notar-stefan.at\/en\/wp-json\/wp\/v2\/pages"}],"about":[{"href":"https:\/\/www.notar-stefan.at\/en\/wp-json\/wp\/v2\/types\/page"}],"author":[{"embeddable":true,"href":"https:\/\/www.notar-stefan.at\/en\/wp-json\/wp\/v2\/users\/4"}],"replies":[{"embeddable":true,"href":"https:\/\/www.notar-stefan.at\/en\/wp-json\/wp\/v2\/comments?post=856"}],"version-history":[{"count":6,"href":"https:\/\/www.notar-stefan.at\/en\/wp-json\/wp\/v2\/pages\/856\/revisions"}],"predecessor-version":[{"id":867,"href":"https:\/\/www.notar-stefan.at\/en\/wp-json\/wp\/v2\/pages\/856\/revisions\/867"}],"wp:attachment":[{"href":"https:\/\/www.notar-stefan.at\/en\/wp-json\/wp\/v2\/media?parent=856"}],"curies":[{"name":"wp","href":"https:\/\/api.w.org\/{rel}","templated":true}]}}